{"id":1210,"date":"2023-07-24T09:56:37","date_gmt":"2023-07-24T07:56:37","guid":{"rendered":"https:\/\/www.steep-plastique.com\/formulaire-de-ligne-ethique\/"},"modified":"2023-10-13T11:41:21","modified_gmt":"2023-10-13T09:41:21","slug":"formulaire-de-ligne-ethique","status":"publish","type":"page","link":"https:\/\/www.steep-plastique.com\/tr\/formulaire-de-ligne-ethique\/","title":{"rendered":"GERI BILDIRIM FORMU"},"content":{"rendered":"\n<div class=\"wp-block-group wrap_content\"><div class=\"wp-block-group__inner-container is-layout-constrained wp-block-group-is-layout-constrained\">\n<p>STEEP Plastik, d\u00fcr\u00fcstl\u00fc\u011fe (yolsuzluk, n\u00fcfuz ticareti, \u00e7\u0131kar \u00e7at\u0131\u015fmas\u0131 vb.), yasalara, d\u00fczenlemelere ayk\u0131r\u0131 her t\u00fcrl\u00fc davran\u0131\u015fa ve genel \u00e7\u0131kara, \u015firkete ve\/veya i\u015fbirlik\u00e7ilerine ciddi zarar verecek her t\u00fcrl\u00fc davran\u0131\u015fa kar\u015f\u0131 m\u00fccadele etmeyi taahh\u00fct eder.<\/p>\n\n\n\n<p>STEEP Plastik&#8217;in bir ger\u00e7e\u011fin fark\u0131nda olan veya d\u00fcr\u00fcstl\u00fc\u011fe, yasalara, d\u00fczenlemelere ayk\u0131r\u0131 veya genel \u00e7\u0131karlara ayk\u0131r\u0131 bir durumdan \u015f\u00fcphelenen t\u00fcm \u00e7al\u0131\u015fanlar\u0131n\u0131 veya ortaklar\u0131n\u0131 (tedarik\u00e7iler, m\u00fc\u015fteriler, ge\u00e7ici i\u015f\u00e7iler vb.) \u015firket ad\u0131na te\u015fvik ediyoruz ve \/veya iyi niyetli \u00e7al\u0131\u015fanlar\u0131n\u0131n a\u015fa\u011f\u0131daki formu doldurarak veya <a href=\"mailto:signalement@steep-plastique.com\">signalement@steep-plastique.com<\/a> adresine e-posta g\u00f6ndererek bildirimde bulunmalar\u0131n\u0131 rica ederiz.<\/p>\n\n\n\n<p><strong>\u015eikayet anonim olarak yap\u0131labilir.<\/strong><\/p>\n\n\n\n<p>Her durumda, iletilen bilgiler gizli tutulacakt\u0131r.<\/p>\n\n\n\n<p><strong>Bu form bir acil arama hizmeti de\u011fildir.<\/strong><\/p>\n\n\n\n<p>Bu web sitesini, insan hayat\u0131 veya fiziksel m\u00fclk i\u00e7in acil risk olu\u015fturan olay veya vakalar\u0131 bildirmek i\u00e7in kullanmay\u0131n. Acilen yard\u0131ma ihtiyac\u0131n\u0131z varsa l\u00fctfen do\u011frudan yerel yetkililerle ileti\u015fime ge\u00e7in.<\/p>\n\n\n\n<h2 class=\"wp-block-heading small_titre\">L\u00fctfen a\u015fa\u011f\u0131daki alanlar\u0131 doldurunuz:<\/h2>\n<\/div><\/div>\n\n\n\n<div class=\"wp-block-contact-form-7-contact-form-selector wrap_content\">\n<div class=\"wpcf7 no-js\" id=\"wpcf7-f1203-o1\" lang=\"tr-TR\" dir=\"ltr\" data-wpcf7-id=\"1203\">\n<div class=\"screen-reader-response\"><p role=\"status\" aria-live=\"polite\" aria-atomic=\"true\"><\/p> <ul><\/ul><\/div>\n<form action=\"\/tr\/wp-json\/wp\/v2\/pages\/1210#wpcf7-f1203-o1\" method=\"post\" class=\"wpcf7-form init\" aria-label=\"\u0130leti\u015fim Formu\" enctype=\"multipart\/form-data\" novalidate=\"novalidate\" data-status=\"init\">\n<fieldset class=\"hidden-fields-container\"><input type=\"hidden\" name=\"_wpcf7\" value=\"1203\" \/><input type=\"hidden\" name=\"_wpcf7_version\" value=\"6.1.4\" \/><input type=\"hidden\" name=\"_wpcf7_locale\" value=\"tr_TR\" \/><input type=\"hidden\" name=\"_wpcf7_unit_tag\" value=\"wpcf7-f1203-o1\" \/><input type=\"hidden\" name=\"_wpcf7_container_post\" value=\"0\" \/><input type=\"hidden\" name=\"_wpcf7_posted_data_hash\" value=\"\" \/><input type=\"hidden\" name=\"_wpcf7cf_hidden_group_fields\" value=\"[]\" \/><input type=\"hidden\" name=\"_wpcf7cf_hidden_groups\" value=\"[]\" \/><input type=\"hidden\" name=\"_wpcf7cf_visible_groups\" value=\"[]\" \/><input type=\"hidden\" name=\"_wpcf7cf_repeaters\" value=\"[]\" \/><input type=\"hidden\" name=\"_wpcf7cf_steps\" value=\"{}\" \/><input type=\"hidden\" name=\"_wpcf7cf_options\" value=\"{&quot;form_id&quot;:1203,&quot;conditions&quot;:[{&quot;then_field&quot;:&quot;group-anonyme&quot;,&quot;and_rules&quot;:[{&quot;if_field&quot;:&quot;anonyme&quot;,&quot;operator&quot;:&quot;equals&quot;,&quot;if_value&quot;:&quot;hay\\u0131r&quot;}]}],&quot;settings&quot;:{&quot;animation&quot;:&quot;yes&quot;,&quot;animation_intime&quot;:200,&quot;animation_outtime&quot;:200,&quot;conditions_ui&quot;:&quot;normal&quot;,&quot;notice_dismissed&quot;:false}}\" \/><input type=\"hidden\" name=\"_wpcf7dtx_version\" value=\"5.0.4\" \/>\n<\/fieldset>\n<fieldset>\n<legend>F\u0130RMA<\/legend>\n\n<label class=\"liste_form\">Organizasyon*\n<span class=\"wpcf7-form-control-wrap\" data-name=\"organisation\"><select class=\"wpcf7-form-control wpcf7-select wpcf7-validates-as-required\" aria-required=\"true\" aria-invalid=\"false\" name=\"organisation\"><option value=\"STEEP PLASTIQUE\">STEEP PLASTIQUE<\/option><option value=\"STEEP SK\">STEEP SK<\/option><option value=\"STEEP PT\">STEEP PT<\/option><option value=\"STEEP TR\">STEEP TR<\/option><option value=\"STEEP MA\">STEEP MA<\/option><\/select><\/span><\/label>\n\n<label>Olay\u0131n meydana geldi\u011fi yer*\n<span class=\"wpcf7-form-control-wrap\" data-name=\"lieu_incident\"><input size=\"40\" maxlength=\"400\" class=\"wpcf7-form-control wpcf7-text wpcf7-validates-as-required\" aria-required=\"true\" aria-invalid=\"false\" value=\"\" type=\"text\" name=\"lieu_incident\" \/><\/span><\/label>\n\n<label>\u015eehir*\n<span class=\"wpcf7-form-control-wrap\" data-name=\"ville_incident\"><input size=\"40\" maxlength=\"400\" class=\"wpcf7-form-control wpcf7-text wpcf7-validates-as-required\" aria-required=\"true\" aria-invalid=\"false\" value=\"\" type=\"text\" name=\"ville_incident\" \/><\/span><\/label>\n\n<label>Steep TR de \u00e7al\u0131\u015fan m\u0131s\u0131n\u0131z? *<\/label>\n<span class=\"wpcf7-form-control-wrap\" data-name=\"employe\"><span class=\"wpcf7-form-control wpcf7-checkbox wpcf7-validates-as-required wpcf7-exclusive-checkbox\"><span class=\"wpcf7-list-item first\"><input type=\"checkbox\" name=\"employe\" value=\"evet\" \/><span class=\"wpcf7-list-item-label\">evet<\/span><\/span><span class=\"wpcf7-list-item last\"><input type=\"checkbox\" name=\"employe\" value=\"hay\u0131r\" \/><span class=\"wpcf7-list-item-label\">hay\u0131r<\/span><\/span><\/span><\/span>\n\n<label>Bu rapor i\u00e7in ANONIM olarak kalmay\u0131 tercih edermisiniz?*<\/label>\n<span class=\"wpcf7-form-control-wrap\" data-name=\"anonyme\"><span class=\"wpcf7-form-control wpcf7-checkbox wpcf7-validates-as-required wpcf7-exclusive-checkbox\"><span class=\"wpcf7-list-item first\"><input type=\"checkbox\" name=\"anonyme\" value=\"evet\" \/><span class=\"wpcf7-list-item-label\">evet<\/span><\/span><span class=\"wpcf7-list-item last\"><input type=\"checkbox\" name=\"anonyme\" value=\"hay\u0131r\" \/><span class=\"wpcf7-list-item-label\">hay\u0131r<\/span><\/span><\/span><\/span>\n\n<div data-id=\"group-anonyme\" data-orig_data_id=\"group-anonyme\" data-clear_on_hide class=\"\" data-class=\"wpcf7cf_group\">\n<div class=\"wrap_condition\">\n<p>STEEP PLASTIQUE firmas\u0131n\u0131n kim oldu\u011funuzu bilmesini istiyorsan\u0131z a\u015fa\u011f\u0131daki bilgileri doldurunuz: <\/p>\n\n<label>\u0130sim soyisim*\n<span class=\"wpcf7-form-control-wrap\" data-name=\"nom\"><input size=\"40\" maxlength=\"400\" class=\"wpcf7-form-control wpcf7-text wpcf7-validates-as-required\" aria-required=\"true\" aria-invalid=\"false\" value=\"\" type=\"text\" name=\"nom\" \/><\/span><\/label>\n\n<label>telefon numaras\u0131\n<span class=\"wpcf7-form-control-wrap\" data-name=\"phone\"><input size=\"40\" maxlength=\"400\" class=\"wpcf7-form-control wpcf7-tel wpcf7-text wpcf7-validates-as-tel\" aria-invalid=\"false\" value=\"\" type=\"tel\" name=\"phone\" \/><\/span><\/label>\n\n<label>eposta adresiniz:*\n<span class=\"wpcf7-form-control-wrap\" data-name=\"email\"><input size=\"40\" maxlength=\"400\" class=\"wpcf7-form-control wpcf7-email wpcf7-validates-as-required wpcf7-text wpcf7-validates-as-email\" aria-required=\"true\" aria-invalid=\"false\" value=\"\" type=\"email\" name=\"email\" \/><\/span><\/label>\n\n<label>Sizinle irtibata ge\u00e7ebilece\u011finimiz en uygun saat:*\n<span class=\"wpcf7-form-control-wrap\" data-name=\"moment\"><input size=\"40\" maxlength=\"400\" class=\"wpcf7-form-control wpcf7-text wpcf7-validates-as-required\" aria-required=\"true\" aria-invalid=\"false\" value=\"\" type=\"text\" name=\"moment\" \/><\/span><\/label>\n<\/div>\n<\/div>\n\n<\/fieldset>\n<fieldset>\n<legend>Talep<\/legend>\n\n<label>\u015eikayet konusu nedir?*\n<span class=\"wpcf7-form-control-wrap\" data-name=\"demande\"><input size=\"40\" maxlength=\"400\" class=\"wpcf7-form-control wpcf7-text wpcf7-validates-as-required\" aria-required=\"true\" aria-invalid=\"false\" value=\"\" type=\"text\" name=\"demande\" \/><\/span><\/label>\n<label class=\"liste_form\">\n\n<p>Bu olaya kar\u0131\u015fan ki\u015filer kimlerdir?<\/p>\n<label>Isim*\n<span class=\"wpcf7-form-control-wrap\" data-name=\"nom_demande\"><input size=\"40\" maxlength=\"400\" class=\"wpcf7-form-control wpcf7-text wpcf7-validates-as-required\" aria-required=\"true\" aria-invalid=\"false\" value=\"\" type=\"text\" name=\"nom_demande\" \/><\/span><\/label>\n\n<label>Olay\u0131 bizlere a\u00e7\u0131klarm\u0131s\u0131n\u0131z?*\n<span class=\"wpcf7-form-control-wrap\" data-name=\"type_affaire\"><textarea cols=\"40\" rows=\"10\" maxlength=\"2000\" class=\"wpcf7-form-control wpcf7-textarea wpcf7-validates-as-required\" aria-required=\"true\" aria-invalid=\"false\" name=\"type_affaire\"><\/textarea><\/span><\/label>\n\n<label>Bu olaydan kimler haberdar?*\n<span class=\"wpcf7-form-control-wrap\" data-name=\"identifier\"><textarea cols=\"40\" rows=\"10\" maxlength=\"2000\" class=\"wpcf7-form-control wpcf7-textarea wpcf7-validates-as-required\" aria-required=\"true\" aria-invalid=\"false\" name=\"identifier\"><\/textarea><\/span><\/label>\n\n<label>Bu sorun Y\u00f6netim taraf\u0131ndan biliniyor mu?* <\/label>\n<span class=\"wpcf7-form-control-wrap\" data-name=\"connu\"><span class=\"wpcf7-form-control wpcf7-checkbox wpcf7-validates-as-required wpcf7-exclusive-checkbox\"><span class=\"wpcf7-list-item first\"><input type=\"checkbox\" name=\"connu\" value=\"evet\" \/><span class=\"wpcf7-list-item-label\">evet<\/span><\/span><span class=\"wpcf7-list-item last\"><input type=\"checkbox\" name=\"connu\" value=\"hay\u0131r\" \/><span class=\"wpcf7-list-item-label\">hay\u0131r<\/span><\/span><\/span><\/span>\n\n<label>Durumu a\u00e7\u0131klayacak, geribildiriminizi destekleyecek bir belgeniz veya dosyan\u0131z varsa l\u00fctfen a\u015fa\u011f\u0131dan indirin:\n<span class=\"wpcf7-form-control-wrap\" data-name=\"fichier\"><input size=\"40\" class=\"wpcf7-form-control wpcf7-file\" accept=\".pdf,.doc,.docx,.jpg,.png\" aria-invalid=\"false\" type=\"file\" name=\"fichier\" \/><\/span><\/label>\n<\/label>\n<\/fieldset>\n\n<fieldset>\n<legend>RAPOR KODU<\/legend>\n\n<label class=\"lbl_custom\">Referans*\n<span class=\"wpcf7-form-control-wrap\" data-name=\"custom-field\"><input size=\"40\" maxlength=\"400\" class=\"wpcf7-form-control wpcf7-text wpcf7-validates-as-required\" id=\"custom-field\" aria-required=\"true\" aria-invalid=\"false\" value=\"\" type=\"text\" name=\"custom-field\" \/><\/span><\/label>\n\n<label>Geri bildirimimin bir kopyas\u0131n\u0131 e-postayla almak isterim?*<\/label>\n<span class=\"wpcf7-form-control-wrap\" data-name=\"copie\"><span class=\"wpcf7-form-control wpcf7-checkbox wpcf7-validates-as-required wpcf7-exclusive-checkbox\"><span class=\"wpcf7-list-item first\"><input type=\"checkbox\" name=\"copie\" value=\"evet\" \/><span class=\"wpcf7-list-item-label\">evet<\/span><\/span><span class=\"wpcf7-list-item last\"><input type=\"checkbox\" name=\"copie\" value=\"hay\u0131r\" \/><span class=\"wpcf7-list-item-label\">hay\u0131r<\/span><\/span><\/span><\/span>\n\n<label>Cevab\u0131n\u0131z evet ise l\u00fctfen mail adresinizi girin. Bu mail adresi Steep plastik firmas\u0131na iletilmeyecektir.\n<span class=\"wpcf7-form-control-wrap\" data-name=\"email-code\"><input size=\"40\" maxlength=\"400\" class=\"wpcf7-form-control wpcf7-email wpcf7-text wpcf7-validates-as-email\" aria-invalid=\"false\" value=\"\" type=\"email\" name=\"email-code\" \/><\/span><\/label>\n\n\n<p class=\"coderapport\">Raporu g\u00f6nderdi\u011finizde bir Rapor Kodu alacaks\u0131n\u0131z. L\u00fctfen bunu gizli tutun ve g\u00fcvenli bir yerde saklay\u0131n. Rapor dosyan\u0131z\u0131 takip etmek i\u00e7in kullan\u0131lacakt\u0131r.<\/p>\n<p>Raporunuzun gidi\u015fat\u0131 hakk\u0131nda bilgi almak isterseniz <a href=\"mailto:signalement@steep-plastique.com\">signalement@steep-plastique.com<\/a> adresinden bize yazabilirsiniz. Raporunuza \u00f6\u011feler eklemek isterseniz ayn\u0131 adresten bize yazabilir veya yukar\u0131daki formu ek bilgilerle tekrar doldurabilirsiniz.<\/p>\n<\/fieldset>\n\n<span class=\"wpcf7-form-control-wrap\" data-name=\"acceptance-709\"><span class=\"wpcf7-form-control wpcf7-acceptance\"><span class=\"wpcf7-list-item\"><label><input type=\"checkbox\" name=\"acceptance-709\" value=\"1\" aria-invalid=\"false\" \/><span class=\"wpcf7-list-item-label\">Bu formu kullanarak bu verilerin iletilmesini ve saklanmas\u0131n\u0131 kabul ediyorum ve bu beyanda verilen bilgilerin do\u011frulu\u011funu beyan ederim.<\/span><\/label><\/span><\/span><\/span>\n\n<div class=\"cf7-cf-turnstile\" style=\"margin-top: 0px; margin-bottom: -15px;\"> <div id=\"cf-turnstile-cf7-1192080333\" class=\"cf-turnstile\" data-sitekey=\"0x4AAAAAABloNGI2XXMKYtw-\" data-theme=\"light\" data-language=\"auto\" data-size=\"normal\" data-retry=\"auto\" data-retry-interval=\"1000\" data-refresh-expired=\"auto\" data-action=\"contact-form-7\" data-appearance=\"always\"><\/div> <script>document.addEventListener(\"DOMContentLoaded\", function() { setTimeout(function(){ var e=document.getElementById(\"cf-turnstile-cf7-1192080333\"); e&&!e.innerHTML.trim()&&(turnstile.remove(\"#cf-turnstile-cf7-1192080333\"), turnstile.render(\"#cf-turnstile-cf7-1192080333\", {sitekey:\"0x4AAAAAABloNGI2XXMKYtw-\"})); }, 100); });<\/script> <br class=\"cf-turnstile-br cf-turnstile-br-cf7-1192080333\"> <style>#cf-turnstile-cf7-1192080333 { margin-left: -15px; }<\/style> <script>document.addEventListener(\"DOMContentLoaded\",function(){document.querySelectorAll('.wpcf7-form').forEach(function(e){e.addEventListener('submit',function(){if(document.getElementById('cf-turnstile-cf7-1192080333')){setTimeout(function(){turnstile.reset('#cf-turnstile-cf7-1192080333');},1000)}})})});<\/script> <\/div><br\/><input class=\"wpcf7-form-control wpcf7-submit has-spinner\" type=\"submit\" value=\"G\u00f6nder\" \/><div class=\"wpcf7-response-output\" aria-hidden=\"true\"><\/div>\n<\/form>\n<\/div>\n<\/div>\n","protected":false},"excerpt":{"rendered":"<p>STEEP Plastik, d\u00fcr\u00fcstl\u00fc\u011fe (yolsuzluk, n\u00fcfuz ticareti, \u00e7\u0131kar \u00e7at\u0131\u015fmas\u0131 vb.), yasalara, [&hellip;]<\/p>\n","protected":false},"author":1,"featured_media":1211,"parent":0,"menu_order":0,"comment_status":"closed","ping_status":"closed","template":"","meta":{"_acf_changed":false,"footnotes":""},"class_list":["post-1210","page","type-page","status-publish","has-post-thumbnail","hentry"],"acf":[],"_links":{"self":[{"href":"https:\/\/www.steep-plastique.com\/tr\/wp-json\/wp\/v2\/pages\/1210","targetHints":{"allow":["GET"]}}],"collection":[{"href":"https:\/\/www.steep-plastique.com\/tr\/wp-json\/wp\/v2\/pages"}],"about":[{"href":"https:\/\/www.steep-plastique.com\/tr\/wp-json\/wp\/v2\/types\/page"}],"author":[{"embeddable":true,"href":"https:\/\/www.steep-plastique.com\/tr\/wp-json\/wp\/v2\/users\/1"}],"replies":[{"embeddable":true,"href":"https:\/\/www.steep-plastique.com\/tr\/wp-json\/wp\/v2\/comments?post=1210"}],"version-history":[{"count":2,"href":"https:\/\/www.steep-plastique.com\/tr\/wp-json\/wp\/v2\/pages\/1210\/revisions"}],"predecessor-version":[{"id":1222,"href":"https:\/\/www.steep-plastique.com\/tr\/wp-json\/wp\/v2\/pages\/1210\/revisions\/1222"}],"wp:featuredmedia":[{"embeddable":true,"href":"https:\/\/www.steep-plastique.com\/tr\/wp-json\/wp\/v2\/media\/1211"}],"wp:attachment":[{"href":"https:\/\/www.steep-plastique.com\/tr\/wp-json\/wp\/v2\/media?parent=1210"}],"curies":[{"name":"wp","href":"https:\/\/api.w.org\/{rel}","templated":true}]}}