{"id":1208,"date":"2023-07-24T09:56:37","date_gmt":"2023-07-24T07:56:37","guid":{"rendered":"https:\/\/www.steep-plastique.com\/formulaire-de-ligne-ethique\/"},"modified":"2023-10-13T11:45:59","modified_gmt":"2023-10-13T09:45:59","slug":"formulaire-de-ligne-ethique","status":"publish","type":"page","link":"https:\/\/www.steep-plastique.com\/sk\/formulaire-de-ligne-ethique\/","title":{"rendered":"FORMUL\u00c1R NAHL\u00c1SENIA"},"content":{"rendered":"\n<div class=\"wp-block-group wrap_content\"><div class=\"wp-block-group__inner-container is-layout-constrained wp-block-group-is-layout-constrained\">\n<p>STEEP Plastique sa zav\u00e4zuje bojova\u0165 proti ak\u00e9muko\u013evek spr\u00e1vaniu, ktor\u00e9 je v rozpore s poctivos\u0165ou (korupcia, nez\u00e1konn\u00e9 ovplyv\u0148ovanie, konflikt z\u00e1ujmov at\u010f.), z\u00e1konmi, predpismi a ak\u00fdmko\u013evek v\u00e1\u017enym po\u0161kodzovan\u00edm v\u0161eobecn\u00e9ho z\u00e1ujmu, spolo\u010dnosti a\/alebo jej spolupracovn\u00edkov.<\/p>\n\n\n\n<p>Podporujeme ka\u017ed\u00e9ho zamestnanca alebo partnera (dod\u00e1vate\u013eov, z\u00e1kazn\u00edkov, do\u010dasn\u00fdch pracovn\u00edkov at\u010f.) STEEP Plastu, ktor\u00ed si s\u00fa vedom\u00ed skuto\u010dnosti alebo maj\u00fa podozrenie na skuto\u010dnos\u0165, ktor\u00e1 je v rozpore s poctivos\u0165ou, z\u00e1konmi, predpismi alebo po\u0161kodzuje v\u0161eobecn\u00fd z\u00e1ujem, pre spolo\u010dnos\u0165 a \/alebo jej zamestnancov \u00faprimne nahl\u00e1si\u0165 incident vyplnen\u00edm ni\u017e\u0161ie uveden\u00e9ho formul\u00e1ra alebo zaslan\u00edm e-mailu na nasleduj\u00facu adresu <a rel=\"noreferrer noopener\" href=\"mailto:signalement@steep-plastique.com\" target=\"_blank\">signalement@steep-plastique.com<\/a>.<\/p>\n\n\n\n<p><strong>\u201eNahl\u00e1senie m\u00f4\u017ee by\u0165 anonymn\u00e9.<\/strong><\/p>\n\n\n\n<p>Vo v\u0161etk\u00fdch pr\u00edpadoch bud\u00fa poskytnut\u00e9 inform\u00e1cie pova\u017eovan\u00e9 za d\u00f4vern\u00e9.<\/p>\n\n\n\n<p><strong>Tento formul\u00e1r nie je slu\u017ebou ties\u0148ov\u00e9ho volania.\u201c<\/strong><\/p>\n\n\n\n<p>Nepou\u017e\u00edvajte t\u00fato webov\u00fa str\u00e1nku na nahl\u00e1senie udalost\u00ed alebo incidentov, ktor\u00e9 predstavuj\u00fa bezprostredn\u00e9 riziko pre \u013eudsk\u00fd \u017eivot alebo fyzick\u00fd majetok. Ak potrebujete s\u00farne pomoc, obr\u00e1\u0165te sa priamo na miestne \u00farady.<\/p>\n\n\n\n<h2 class=\"wp-block-heading small_titre\">Vypl\u0148te nasleduj\u00face inform\u00e1cie:<\/h2>\n<\/div><\/div>\n\n\n\n<div class=\"wp-block-contact-form-7-contact-form-selector wrap_content\">\n<div class=\"wpcf7 no-js\" id=\"wpcf7-f1202-o1\" lang=\"sk-SK\" dir=\"ltr\" data-wpcf7-id=\"1202\">\n<div class=\"screen-reader-response\"><p role=\"status\" aria-live=\"polite\" aria-atomic=\"true\"><\/p> <ul><\/ul><\/div>\n<form action=\"\/sk\/wp-json\/wp\/v2\/pages\/1208#wpcf7-f1202-o1\" method=\"post\" class=\"wpcf7-form init\" aria-label=\"Kontaktn\u00fd formul\u00e1r\" enctype=\"multipart\/form-data\" novalidate=\"novalidate\" data-status=\"init\">\n<fieldset class=\"hidden-fields-container\"><input type=\"hidden\" name=\"_wpcf7\" value=\"1202\" \/><input type=\"hidden\" name=\"_wpcf7_version\" value=\"6.1.4\" \/><input type=\"hidden\" name=\"_wpcf7_locale\" value=\"sk_SK\" \/><input type=\"hidden\" name=\"_wpcf7_unit_tag\" value=\"wpcf7-f1202-o1\" \/><input type=\"hidden\" name=\"_wpcf7_container_post\" value=\"0\" \/><input type=\"hidden\" name=\"_wpcf7_posted_data_hash\" value=\"\" \/><input type=\"hidden\" name=\"_wpcf7cf_hidden_group_fields\" value=\"[]\" \/><input type=\"hidden\" name=\"_wpcf7cf_hidden_groups\" value=\"[]\" \/><input type=\"hidden\" name=\"_wpcf7cf_visible_groups\" value=\"[]\" \/><input type=\"hidden\" name=\"_wpcf7cf_repeaters\" value=\"[]\" \/><input type=\"hidden\" name=\"_wpcf7cf_steps\" value=\"{}\" \/><input type=\"hidden\" name=\"_wpcf7cf_options\" value=\"{&quot;form_id&quot;:1202,&quot;conditions&quot;:[{&quot;then_field&quot;:&quot;group-anonyme&quot;,&quot;and_rules&quot;:[{&quot;if_field&quot;:&quot;anonyme&quot;,&quot;operator&quot;:&quot;equals&quot;,&quot;if_value&quot;:&quot;Nie&quot;}]}],&quot;settings&quot;:{&quot;animation&quot;:&quot;yes&quot;,&quot;animation_intime&quot;:200,&quot;animation_outtime&quot;:200,&quot;conditions_ui&quot;:&quot;normal&quot;,&quot;notice_dismissed&quot;:false}}\" \/><input type=\"hidden\" name=\"_wpcf7dtx_version\" value=\"5.0.4\" \/>\n<\/fieldset>\n<fieldset>\n<legend>SPOLO\u010cNOS\u0164<\/legend>\n\n<label class=\"liste_form\">Organiz\u00e1cia**\n<span class=\"wpcf7-form-control-wrap\" data-name=\"organisation\"><select class=\"wpcf7-form-control wpcf7-select wpcf7-validates-as-required\" aria-required=\"true\" aria-invalid=\"false\" name=\"organisation\"><option value=\"Steep Franc\u00fazsko\">Steep Franc\u00fazsko<\/option><option value=\"Steep Slovensko\">Steep Slovensko<\/option><option value=\"Steep Portugalsko\">Steep Portugalsko<\/option><option value=\"Steep Turecko\">Steep Turecko<\/option><option value=\"Steep Maroko\">Steep Maroko<\/option><\/select><\/span><\/label>\n\n<label>Miesto, kde k incidentu do\u0161lo*\n<span class=\"wpcf7-form-control-wrap\" data-name=\"lieu_incident\"><input size=\"40\" maxlength=\"400\" class=\"wpcf7-form-control wpcf7-text wpcf7-validates-as-required\" aria-required=\"true\" aria-invalid=\"false\" value=\"\" type=\"text\" name=\"lieu_incident\" \/><\/span><\/label>\n\n<label>Mesto*\n<span class=\"wpcf7-form-control-wrap\" data-name=\"ville_incident\"><input size=\"40\" maxlength=\"400\" class=\"wpcf7-form-control wpcf7-text wpcf7-validates-as-required\" aria-required=\"true\" aria-invalid=\"false\" value=\"\" type=\"text\" name=\"ville_incident\" \/><\/span><\/label>\n\n<label>Ste zamestnancom STEEP PLAST-u ?*<\/label>\n<span class=\"wpcf7-form-control-wrap\" data-name=\"employe\"><span class=\"wpcf7-form-control wpcf7-checkbox wpcf7-validates-as-required wpcf7-exclusive-checkbox\"><span class=\"wpcf7-list-item first\"><input type=\"checkbox\" name=\"employe\" value=\"\u00c1no\" \/><span class=\"wpcf7-list-item-label\">\u00c1no<\/span><\/span><span class=\"wpcf7-list-item last\"><input type=\"checkbox\" name=\"employe\" value=\"Nie\" \/><span class=\"wpcf7-list-item-label\">Nie<\/span><\/span><\/span><\/span>\n\n<label>Chcete zosta\u0165 ANONYMN\u00cd pre toto nahl\u00e1senie?*<\/label>\n<span class=\"wpcf7-form-control-wrap\" data-name=\"anonyme\"><span class=\"wpcf7-form-control wpcf7-checkbox wpcf7-validates-as-required wpcf7-exclusive-checkbox\"><span class=\"wpcf7-list-item first\"><input type=\"checkbox\" name=\"anonyme\" value=\"\u00c1no\" \/><span class=\"wpcf7-list-item-label\">\u00c1no<\/span><\/span><span class=\"wpcf7-list-item last\"><input type=\"checkbox\" name=\"anonyme\" value=\"Nie\" \/><span class=\"wpcf7-list-item-label\">Nie<\/span><\/span><\/span><\/span>\n\n<div data-id=\"group-anonyme\" data-orig_data_id=\"group-anonyme\" data-clear_on_hide class=\"\" data-class=\"wpcf7cf_group\">\n<div class=\"wrap_condition\">\n<p>Ak chcete, aby spolo\u010dnos\u0165 STEEP PLAST vedela, kto ste, uve\u010fte nasleduj\u00face inform\u00e1cie<\/p>\n\n<label>Va\u0161e meno*\n<span class=\"wpcf7-form-control-wrap\" data-name=\"nom\"><input size=\"40\" maxlength=\"400\" class=\"wpcf7-form-control wpcf7-text wpcf7-validates-as-required\" aria-required=\"true\" aria-invalid=\"false\" value=\"\" type=\"text\" name=\"nom\" \/><\/span><\/label>\n\n<label>Va\u0161e telef\u00f3nne \u010d\u00edslo*\n<span class=\"wpcf7-form-control-wrap\" data-name=\"phone\"><input size=\"40\" maxlength=\"400\" class=\"wpcf7-form-control wpcf7-tel wpcf7-text wpcf7-validates-as-tel\" aria-invalid=\"false\" value=\"\" type=\"tel\" name=\"phone\" \/><\/span><\/label>\n\n<label>V\u00e1\u0161 e-mail*\n<span class=\"wpcf7-form-control-wrap\" data-name=\"email\"><input size=\"40\" maxlength=\"400\" class=\"wpcf7-form-control wpcf7-email wpcf7-validates-as-required wpcf7-text wpcf7-validates-as-email\" aria-required=\"true\" aria-invalid=\"false\" value=\"\" type=\"email\" name=\"email\" \/><\/span><\/label>\n\n<label>Kedy V\u00e1s m\u00f4\u017eeme kontaktova\u0165*\n<span class=\"wpcf7-form-control-wrap\" data-name=\"moment\"><input size=\"40\" maxlength=\"400\" class=\"wpcf7-form-control wpcf7-text wpcf7-validates-as-required\" aria-required=\"true\" aria-invalid=\"false\" value=\"\" type=\"text\" name=\"moment\" \/><\/span><\/label>\n<\/div>\n<\/div>\n\n<\/fieldset>\n<fieldset>\n<legend>PREDMET NAHL\u00c1SENIA<\/legend>\n\n<label>Ak\u00fd je \u00fa\u010del v\u00e1\u0161ho nahl\u00e1senia?*\n<span class=\"wpcf7-form-control-wrap\" data-name=\"demande\"><input size=\"40\" maxlength=\"400\" class=\"wpcf7-form-control wpcf7-text wpcf7-validates-as-required\" aria-required=\"true\" aria-invalid=\"false\" value=\"\" type=\"text\" name=\"demande\" \/><\/span><\/label>\n<label class=\"liste_form\">\n\n<p>S\u00fa zapojen\u00ed in\u00ed \u013eudia do tohto incidentu?<\/p>\n<label>Meno(\u00e1)*\n<span class=\"wpcf7-form-control-wrap\" data-name=\"nom_demande\"><input size=\"40\" maxlength=\"400\" class=\"wpcf7-form-control wpcf7-text wpcf7-validates-as-required\" aria-required=\"true\" aria-invalid=\"false\" value=\"\" type=\"text\" name=\"nom_demande\" \/><\/span><\/label>\n\n<label>M\u00f4\u017eete n\u00e1m incident op\u00edsa\u0165?* \n<span class=\"wpcf7-form-control-wrap\" data-name=\"type_affaire\"><textarea cols=\"40\" rows=\"10\" maxlength=\"2000\" class=\"wpcf7-form-control wpcf7-textarea wpcf7-validates-as-required\" aria-required=\"true\" aria-invalid=\"false\" name=\"type_affaire\"><\/textarea><\/span><\/label>\n\n<label>Kto e\u0161te vie o tomto incidente ?\n<span class=\"wpcf7-form-control-wrap\" data-name=\"identifier\"><textarea cols=\"40\" rows=\"10\" maxlength=\"2000\" class=\"wpcf7-form-control wpcf7-textarea wpcf7-validates-as-required\" aria-required=\"true\" aria-invalid=\"false\" name=\"identifier\"><\/textarea><\/span><\/label>\n\n<label>Je tento incident\/probl\u00e9m u\u017e mana\u017ementu zn\u00e1my?* <\/label>\n<span class=\"wpcf7-form-control-wrap\" data-name=\"connu\"><span class=\"wpcf7-form-control wpcf7-checkbox wpcf7-validates-as-required wpcf7-exclusive-checkbox\"><span class=\"wpcf7-list-item first\"><input type=\"checkbox\" name=\"connu\" value=\"\u00c1no\" \/><span class=\"wpcf7-list-item-label\">\u00c1no<\/span><\/span><span class=\"wpcf7-list-item last\"><input type=\"checkbox\" name=\"connu\" value=\"Nie\" \/><span class=\"wpcf7-list-item-label\">Nie<\/span><\/span><\/span><\/span>\n\n<label>Ak m\u00e1te dokument alebo s\u00fabor na ilustr\u00e1ciu incidentu \/ d\u00f4kaz svojho nahl\u00e1senia, nahrajte ho ni\u017e\u0161ie:\n<span class=\"wpcf7-form-control-wrap\" data-name=\"fichier\"><input size=\"40\" class=\"wpcf7-form-control wpcf7-file\" accept=\".pdf,.doc,.docx,.jpg,.png\" aria-invalid=\"false\" type=\"file\" name=\"fichier\" \/><\/span><\/label>\n<\/label>\n<\/fieldset>\n\n<fieldset>\n<legend>K\u00d3D NAHL\u00c1SENIA<\/legend>\n\n<label class=\"lbl_custom\">Referen\u010dn\u00fd k\u00f3d*\n<span class=\"wpcf7-form-control-wrap\" data-name=\"custom-field\"><input size=\"40\" maxlength=\"400\" class=\"wpcf7-form-control wpcf7-text wpcf7-validates-as-required\" id=\"custom-field\" aria-required=\"true\" aria-invalid=\"false\" value=\"\" type=\"text\" name=\"custom-field\" \/><\/span><\/label>\n\n<label>Chcem dosta\u0165 k\u00f3piu m\u00f4jho nahl\u00e1senia e-mailom?*<\/label>\n<span class=\"wpcf7-form-control-wrap\" data-name=\"copie\"><span class=\"wpcf7-form-control wpcf7-checkbox wpcf7-validates-as-required wpcf7-exclusive-checkbox\"><span class=\"wpcf7-list-item first\"><input type=\"checkbox\" name=\"copie\" value=\"\u00c1no\" \/><span class=\"wpcf7-list-item-label\">\u00c1no<\/span><\/span><span class=\"wpcf7-list-item last\"><input type=\"checkbox\" name=\"copie\" value=\"Nie\" \/><span class=\"wpcf7-list-item-label\">Nie<\/span><\/span><\/span><\/span>\n\n<label>Ak \u00e1no, zadajte svoj e-mail. T\u00e1to e-mailov\u00e1 adresa nebude ozn\u00e1men\u00e1 spolo\u010dnosti Steep Plast.\n<span class=\"wpcf7-form-control-wrap\" data-name=\"email-code\"><input size=\"40\" maxlength=\"400\" class=\"wpcf7-form-control wpcf7-email wpcf7-text wpcf7-validates-as-email\" aria-invalid=\"false\" value=\"\" type=\"email\" name=\"email-code\" \/><\/span><\/label>\n\n\n<p class=\"coderapport\">Ke\u010f odo\u0161lete spr\u00e1vu, dostanete k\u00f3d spr\u00e1vy. Udr\u017eujte ho v tajnosti a ulo\u017ete ho na bezpe\u010dnom mieste. M\u00f4\u017eete ho pou\u017ei\u0165 na sledovanie priebehu v\u00e1\u0161ho nahl\u00e1senia.<\/p>\n<p>Ak m\u00e1te z\u00e1ujem o inform\u00e1cie o priebehu v\u00e1\u0161ho nahl\u00e1senia, m\u00f4\u017eete n\u00e1m nap\u00edsa\u0165 na adresu <a href=\"mailto:signalement@steep-plastique.com\">signalement@steep-plastique.com<\/a>. Ak chcete do svojej spr\u00e1vy prida\u0165 dopl\u0148uj\u00face skuto\u010dnosti, m\u00f4\u017eete n\u00e1m nap\u00edsa\u0165 na rovnak\u00fa adresu alebo znova vyplni\u0165 formul\u00e1r vy\u0161\u0161ie s \u010fal\u0161\u00edmi inform\u00e1ciami.<\/p>\n<\/fieldset>\n\n<span class=\"wpcf7-form-control-wrap\" data-name=\"acceptance-709\"><span class=\"wpcf7-form-control wpcf7-acceptance\"><span class=\"wpcf7-list-item\"><label><input type=\"checkbox\" name=\"acceptance-709\" value=\"1\" aria-invalid=\"false\" \/><span class=\"wpcf7-list-item-label\">Pou\u017eit\u00edm tohto formul\u00e1ra s\u00fahlas\u00edm s prenosom a uchov\u00e1van\u00edm t\u00fdchto \u00fadajov a na svoju \u010des\u0165 potvrdzujem spr\u00e1vnos\u0165 \u00fadajov uveden\u00fdch v tomto nahl\u00e1sen\u00ed.<\/span><\/label><\/span><\/span><\/span>\n\n<div class=\"cf7-cf-turnstile\" style=\"margin-top: 0px; margin-bottom: -15px;\"> <div id=\"cf-turnstile-cf7-2733473850\" class=\"cf-turnstile\" data-sitekey=\"0x4AAAAAABloNGI2XXMKYtw-\" data-theme=\"light\" data-language=\"auto\" data-size=\"normal\" data-retry=\"auto\" data-retry-interval=\"1000\" data-refresh-expired=\"auto\" data-action=\"contact-form-7\" data-appearance=\"always\"><\/div> <script>document.addEventListener(\"DOMContentLoaded\", function() { setTimeout(function(){ var e=document.getElementById(\"cf-turnstile-cf7-2733473850\"); e&&!e.innerHTML.trim()&&(turnstile.remove(\"#cf-turnstile-cf7-2733473850\"), turnstile.render(\"#cf-turnstile-cf7-2733473850\", {sitekey:\"0x4AAAAAABloNGI2XXMKYtw-\"})); }, 100); });<\/script> <br class=\"cf-turnstile-br cf-turnstile-br-cf7-2733473850\"> <style>#cf-turnstile-cf7-2733473850 { margin-left: -15px; }<\/style> <script>document.addEventListener(\"DOMContentLoaded\",function(){document.querySelectorAll('.wpcf7-form').forEach(function(e){e.addEventListener('submit',function(){if(document.getElementById('cf-turnstile-cf7-2733473850')){setTimeout(function(){turnstile.reset('#cf-turnstile-cf7-2733473850');},1000)}})})});<\/script> <\/div><br\/><input class=\"wpcf7-form-control wpcf7-submit has-spinner\" type=\"submit\" value=\"Odosla\u0165\" \/><div class=\"wpcf7-response-output\" aria-hidden=\"true\"><\/div>\n<\/form>\n<\/div>\n<\/div>\n","protected":false},"excerpt":{"rendered":"<p>STEEP Plastique sa zav\u00e4zuje bojova\u0165 proti ak\u00e9muko\u013evek spr\u00e1vaniu, ktor\u00e9 je [&hellip;]<\/p>\n","protected":false},"author":1,"featured_media":1209,"parent":0,"menu_order":0,"comment_status":"closed","ping_status":"closed","template":"","meta":{"_acf_changed":false,"footnotes":""},"class_list":["post-1208","page","type-page","status-publish","has-post-thumbnail","hentry"],"acf":[],"_links":{"self":[{"href":"https:\/\/www.steep-plastique.com\/sk\/wp-json\/wp\/v2\/pages\/1208","targetHints":{"allow":["GET"]}}],"collection":[{"href":"https:\/\/www.steep-plastique.com\/sk\/wp-json\/wp\/v2\/pages"}],"about":[{"href":"https:\/\/www.steep-plastique.com\/sk\/wp-json\/wp\/v2\/types\/page"}],"author":[{"embeddable":true,"href":"https:\/\/www.steep-plastique.com\/sk\/wp-json\/wp\/v2\/users\/1"}],"replies":[{"embeddable":true,"href":"https:\/\/www.steep-plastique.com\/sk\/wp-json\/wp\/v2\/comments?post=1208"}],"version-history":[{"count":2,"href":"https:\/\/www.steep-plastique.com\/sk\/wp-json\/wp\/v2\/pages\/1208\/revisions"}],"predecessor-version":[{"id":1224,"href":"https:\/\/www.steep-plastique.com\/sk\/wp-json\/wp\/v2\/pages\/1208\/revisions\/1224"}],"wp:featuredmedia":[{"embeddable":true,"href":"https:\/\/www.steep-plastique.com\/sk\/wp-json\/wp\/v2\/media\/1209"}],"wp:attachment":[{"href":"https:\/\/www.steep-plastique.com\/sk\/wp-json\/wp\/v2\/media?parent=1208"}],"curies":[{"name":"wp","href":"https:\/\/api.w.org\/{rel}","templated":true}]}}