{"id":1206,"date":"2023-07-24T09:56:37","date_gmt":"2023-07-24T07:56:37","guid":{"rendered":"https:\/\/www.steep-plastique.com\/formulaire-de-ligne-ethique\/"},"modified":"2023-10-13T11:14:46","modified_gmt":"2023-10-13T09:14:46","slug":"formulaire-de-ligne-ethique","status":"publish","type":"page","link":"https:\/\/www.steep-plastique.com\/pt-pt\/formulaire-de-ligne-ethique\/","title":{"rendered":"Dispositivo de alerta"},"content":{"rendered":"\n<div class=\"wp-block-group wrap_content\"><div class=\"wp-block-group__inner-container is-layout-constrained wp-block-group-is-layout-constrained\">\n<p>A STEEP Plastique compromete-se a lutar contra qualquer comportamento contr\u00e1rio \u00e0 probidade (corrup\u00e7\u00e3o, tr\u00e1fico de influ\u00eancias, conflito de interesses, etc.), \u00e0s leis e aos regulamentos e contra qualquer preju\u00edzo grave para o interesse geral, para a empresa e\/ou para os seus colaboradores.<\/p>\n\n\n\n<p>Encorajamos qualquer colaborador ou parceiro da STEEP Plastique (fornecedores, clientes, trabalhadores tempor\u00e1rios, etc.) que tenha conhecimento de um facto ou suspeite de um facto contr\u00e1rio \u00e0 probidade, \u00e0s leis, aos regulamentos ou prejudicial ao interesse geral, \u00e0 empresa e\/ou aos seus colaboradores de boa f\u00e9, a denunci\u00e1-lo preenchendo o formul\u00e1rio abaixo ou enviando um e-mail para o seguinte endere\u00e7o <a rel=\"noreferrer noopener\" href=\"mailto:signalement@steep-plastique.com\" target=\"_blank\">signalement@steep-plastique.com<\/a>.<\/p>\n\n\n\n<p><strong>As den\u00fancias podem ser feitas de forma an\u00f3nima.<\/strong><\/p>\n\n\n\n<p>Em todos os casos, as informa\u00e7\u00f5es fornecidas ser\u00e3o tratadas com a m\u00e1xima confidencialidade.<\/p>\n\n\n\n<p><strong>Este formul\u00e1rio n\u00e3o \u00e9 um servi\u00e7o de chamadas de emerg\u00eancia.<\/strong><\/p>\n\n\n\n<p>N\u00e3o utilize este s\u00edtio Web para comunicar eventos ou incidentes que representem um risco imediato para a vida humana ou para bens materiais. Se necessitar urgentemente de assist\u00eancia, contacte diretamente a sua autoridade local.<\/p>\n\n\n\n<h2 class=\"wp-block-heading small_titre\">Forne\u00e7a as informa\u00e7\u00f5es preenchendo os seguintes campos:<\/h2>\n<\/div><\/div>\n\n\n\n<div class=\"wp-block-contact-form-7-contact-form-selector wrap_content\">\n<div class=\"wpcf7 no-js\" id=\"wpcf7-f1201-o1\" lang=\"pt-PT\" dir=\"ltr\" data-wpcf7-id=\"1201\">\n<div class=\"screen-reader-response\"><p role=\"status\" aria-live=\"polite\" aria-atomic=\"true\"><\/p> <ul><\/ul><\/div>\n<form action=\"\/pt-pt\/wp-json\/wp\/v2\/pages\/1206#wpcf7-f1201-o1\" method=\"post\" class=\"wpcf7-form init\" aria-label=\"Formul\u00e1rio de contacto\" enctype=\"multipart\/form-data\" novalidate=\"novalidate\" data-status=\"init\">\n<fieldset class=\"hidden-fields-container\"><input type=\"hidden\" name=\"_wpcf7\" value=\"1201\" \/><input type=\"hidden\" name=\"_wpcf7_version\" value=\"6.1.4\" \/><input type=\"hidden\" name=\"_wpcf7_locale\" value=\"pt_PT\" \/><input type=\"hidden\" name=\"_wpcf7_unit_tag\" value=\"wpcf7-f1201-o1\" \/><input type=\"hidden\" name=\"_wpcf7_container_post\" value=\"0\" \/><input type=\"hidden\" name=\"_wpcf7_posted_data_hash\" value=\"\" \/><input type=\"hidden\" name=\"_wpcf7cf_hidden_group_fields\" value=\"[]\" \/><input type=\"hidden\" name=\"_wpcf7cf_hidden_groups\" value=\"[]\" \/><input type=\"hidden\" name=\"_wpcf7cf_visible_groups\" value=\"[]\" \/><input type=\"hidden\" name=\"_wpcf7cf_repeaters\" value=\"[]\" \/><input type=\"hidden\" name=\"_wpcf7cf_steps\" value=\"{}\" \/><input type=\"hidden\" name=\"_wpcf7cf_options\" value=\"{&quot;form_id&quot;:1201,&quot;conditions&quot;:[{&quot;then_field&quot;:&quot;group-anonyme&quot;,&quot;and_rules&quot;:[{&quot;if_field&quot;:&quot;anonyme&quot;,&quot;operator&quot;:&quot;equals&quot;,&quot;if_value&quot;:&quot;N\\u00e3o&quot;}]}],&quot;settings&quot;:{&quot;animation&quot;:&quot;yes&quot;,&quot;animation_intime&quot;:200,&quot;animation_outtime&quot;:200,&quot;conditions_ui&quot;:&quot;normal&quot;,&quot;notice_dismissed&quot;:false}}\" \/><input type=\"hidden\" name=\"_wpcf7dtx_version\" value=\"5.0.4\" \/>\n<\/fieldset>\n<fieldset>\n<legend>EMPRESA<\/legend>\n\n<label class=\"liste_form\">Organiza\u00e7\u00e3o*\n<span class=\"wpcf7-form-control-wrap\" data-name=\"organisation\"><select class=\"wpcf7-form-control wpcf7-select wpcf7-validates-as-required\" aria-required=\"true\" aria-invalid=\"false\" name=\"organisation\"><option value=\"Steep Fran\u00e7a\">Steep Fran\u00e7a<\/option><option value=\"Steep Eslov\u00e1quia\">Steep Eslov\u00e1quia<\/option><option value=\"Steep Portugal\">Steep Portugal<\/option><option value=\"Steep Turquia\">Steep Turquia<\/option><option value=\"Steep Marrocos\">Steep Marrocos<\/option><\/select><\/span><\/label>\n\n<label>Local onde ocorreu o incidente* (se aplic\u00e1vel)\n<span class=\"wpcf7-form-control-wrap\" data-name=\"lieu_incident\"><input size=\"40\" maxlength=\"400\" class=\"wpcf7-form-control wpcf7-text wpcf7-validates-as-required\" aria-required=\"true\" aria-invalid=\"false\" value=\"\" type=\"text\" name=\"lieu_incident\" \/><\/span><\/label>\n\n<label>Localidade*\n<span class=\"wpcf7-form-control-wrap\" data-name=\"ville_incident\"><input size=\"40\" maxlength=\"400\" class=\"wpcf7-form-control wpcf7-text wpcf7-validates-as-required\" aria-required=\"true\" aria-invalid=\"false\" value=\"\" type=\"text\" name=\"ville_incident\" \/><\/span><\/label>\n\n<label>\u00c9 colaborador\/a da STEEP PLASTIQUE?*<\/label>\n<span class=\"wpcf7-form-control-wrap\" data-name=\"employe\"><span class=\"wpcf7-form-control wpcf7-checkbox wpcf7-validates-as-required wpcf7-exclusive-checkbox\"><span class=\"wpcf7-list-item first\"><input type=\"checkbox\" name=\"employe\" value=\"Sim\" \/><span class=\"wpcf7-list-item-label\">Sim<\/span><\/span><span class=\"wpcf7-list-item last\"><input type=\"checkbox\" name=\"employe\" value=\"N\u00e3o\" \/><span class=\"wpcf7-list-item-label\">N\u00e3o<\/span><\/span><\/span><\/span>\n\n<label>Deseja manter o ANONIMATO para este relat\u00f3rio?*<\/label>\n<span class=\"wpcf7-form-control-wrap\" data-name=\"anonyme\"><span class=\"wpcf7-form-control wpcf7-checkbox wpcf7-validates-as-required wpcf7-exclusive-checkbox\"><span class=\"wpcf7-list-item first\"><input type=\"checkbox\" name=\"anonyme\" value=\"Sim\" \/><span class=\"wpcf7-list-item-label\">Sim<\/span><\/span><span class=\"wpcf7-list-item last\"><input type=\"checkbox\" name=\"anonyme\" value=\"N\u00e3o\" \/><span class=\"wpcf7-list-item-label\">N\u00e3o<\/span><\/span><\/span><\/span>\n\n<div data-id=\"group-anonyme\" data-orig_data_id=\"group-anonyme\" data-clear_on_hide class=\"\" data-class=\"wpcf7cf_group\">\n<div class=\"wrap_condition\">\n<p>Se quiser que a STEEP PLASTIQUE saiba quem \u00e9, forne\u00e7a as seguintes informa\u00e7\u00f5es<\/p>\n\n<label>O seu nome\n<span class=\"wpcf7-form-control-wrap\" data-name=\"nom\"><input size=\"40\" maxlength=\"400\" class=\"wpcf7-form-control wpcf7-text wpcf7-validates-as-required\" aria-required=\"true\" aria-invalid=\"false\" value=\"\" type=\"text\" name=\"nom\" \/><\/span><\/label>\n\n<label>O seu contacto telef\u00f3nico\n<span class=\"wpcf7-form-control-wrap\" data-name=\"phone\"><input size=\"40\" maxlength=\"400\" class=\"wpcf7-form-control wpcf7-tel wpcf7-text wpcf7-validates-as-tel\" aria-invalid=\"false\" value=\"\" type=\"tel\" name=\"phone\" \/><\/span><\/label>\n\n<label>O seu e-mail\n<span class=\"wpcf7-form-control-wrap\" data-name=\"email\"><input size=\"40\" maxlength=\"400\" class=\"wpcf7-form-control wpcf7-email wpcf7-validates-as-required wpcf7-text wpcf7-validates-as-email\" aria-required=\"true\" aria-invalid=\"false\" value=\"\" type=\"email\" name=\"email\" \/><\/span><\/label>\n\n<label>Indique, por favor, qual \u00e9 o melhor momento para ser contactado\/a\n<span class=\"wpcf7-form-control-wrap\" data-name=\"moment\"><input size=\"40\" maxlength=\"400\" class=\"wpcf7-form-control wpcf7-text wpcf7-validates-as-required\" aria-required=\"true\" aria-invalid=\"false\" value=\"\" type=\"text\" name=\"moment\" \/><\/span><\/label>\n<\/div>\n<\/div>\n\n<\/fieldset>\n<fieldset>\n<legend>Objeto do pedido<\/legend>\n\n<label>O que est\u00e1 a comunicar?*\n<span class=\"wpcf7-form-control-wrap\" data-name=\"demande\"><input size=\"40\" maxlength=\"400\" class=\"wpcf7-form-control wpcf7-text wpcf7-validates-as-required\" aria-required=\"true\" aria-invalid=\"false\" value=\"\" type=\"text\" name=\"demande\" \/><\/span><\/label>\n<label class=\"liste_form\">\n\n<p>Quem s\u00e3o as pessoas envolvidas nesta situa\u00e7\u00e3o?<\/p>\n<label>Nome(s)*\n<span class=\"wpcf7-form-control-wrap\" data-name=\"nom_demande\"><input size=\"40\" maxlength=\"400\" class=\"wpcf7-form-control wpcf7-text wpcf7-validates-as-required\" aria-required=\"true\" aria-invalid=\"false\" value=\"\" type=\"text\" name=\"nom_demande\" \/><\/span><\/label>\n\n<label>Pode descerver-nos a situa\u00e7\u00e3o?* \n<span class=\"wpcf7-form-control-wrap\" data-name=\"type_affaire\"><textarea cols=\"40\" rows=\"10\" maxlength=\"2000\" class=\"wpcf7-form-control wpcf7-textarea wpcf7-validates-as-required\" aria-required=\"true\" aria-invalid=\"false\" name=\"type_affaire\"><\/textarea><\/span><\/label>\n\n<label>Quem s\u00e3o as pessoas que conhecem esta situa\u00e7\u00e3o?\n<span class=\"wpcf7-form-control-wrap\" data-name=\"identifier\"><textarea cols=\"40\" rows=\"10\" maxlength=\"2000\" class=\"wpcf7-form-control wpcf7-textarea wpcf7-validates-as-required\" aria-required=\"true\" aria-invalid=\"false\" name=\"identifier\"><\/textarea><\/span><\/label>\n\n<label>A dire\u00e7\u00e3o j\u00e1 est\u00e1 informada desta ocorr\u00eancia?* <\/label>\n<span class=\"wpcf7-form-control-wrap\" data-name=\"connu\"><span class=\"wpcf7-form-control wpcf7-checkbox wpcf7-validates-as-required wpcf7-exclusive-checkbox\"><span class=\"wpcf7-list-item first\"><input type=\"checkbox\" name=\"connu\" value=\"Sim\" \/><span class=\"wpcf7-list-item-label\">Sim<\/span><\/span><span class=\"wpcf7-list-item last\"><input type=\"checkbox\" name=\"connu\" value=\"N\u00e3o\" \/><span class=\"wpcf7-list-item-label\">N\u00e3o<\/span><\/span><\/span><\/span>\n\n<label>Se tiver um documento ou ficheiro que ilustre a situa\u00e7\u00e3o ou apoie o seu relat\u00f3rio, carregue-o abaixo:\n<span class=\"wpcf7-form-control-wrap\" data-name=\"fichier\"><input size=\"40\" class=\"wpcf7-form-control wpcf7-file\" accept=\".pdf,.doc,.docx,.jpg,.png\" aria-invalid=\"false\" type=\"file\" name=\"fichier\" \/><\/span><\/label>\n<\/label>\n<\/fieldset>\n\n<fieldset>\n<legend>C\u00f3digo do Relat\u00f3rio<\/legend>\n\n<label class=\"lbl_custom\">C\u00f3digo de refer\u00eancia*\n<span class=\"wpcf7-form-control-wrap\" data-name=\"custom-field\"><input size=\"40\" maxlength=\"400\" class=\"wpcf7-form-control wpcf7-text wpcf7-validates-as-required\" id=\"custom-field\" aria-required=\"true\" aria-invalid=\"false\" value=\"\" type=\"text\" name=\"custom-field\" \/><\/span><\/label>\n\n<label>Gostaria de receber uma c\u00f3pia do meu relat\u00f3rio por correio eletr\u00f3nico?*<\/label>\n<span class=\"wpcf7-form-control-wrap\" data-name=\"copie\"><span class=\"wpcf7-form-control wpcf7-checkbox wpcf7-validates-as-required wpcf7-exclusive-checkbox\"><span class=\"wpcf7-list-item first\"><input type=\"checkbox\" name=\"copie\" value=\"Sim\" \/><span class=\"wpcf7-list-item-label\">Sim<\/span><\/span><span class=\"wpcf7-list-item last\"><input type=\"checkbox\" name=\"copie\" value=\"N\u00e3o\" \/><span class=\"wpcf7-list-item-label\">N\u00e3o<\/span><\/span><\/span><\/span>\n\n<label>Em caso afirmativo, indique o seu endere\u00e7o eletr\u00f3nico. Este endere\u00e7o de correio eletr\u00f3nico n\u00e3o ser\u00e1 comunicado \u00e0 Steep Plastique.\n<span class=\"wpcf7-form-control-wrap\" data-name=\"email-code\"><input size=\"40\" maxlength=\"400\" class=\"wpcf7-form-control wpcf7-email wpcf7-text wpcf7-validates-as-email\" aria-invalid=\"false\" value=\"\" type=\"email\" name=\"email-code\" \/><\/span><\/label>\n\n\n<p class=\"coderapport\">Quando apresentar o relat\u00f3rio, receber\u00e1 um c\u00f3digo do relat\u00f3rio. Guarde-o de forma confidencial e num local seguro. Este c\u00f3digo ser\u00e1 utilizado para acompanhar o seu processo de den\u00fancia.<\/p>\n<p>Se desejar obter informa\u00e7\u00f5es sobre o andamento da sua indica\u00e7\u00e3o, queira escrever-nos para <a href=\"mailto:signalement@steep-plastique.com\">signalement@steep-plastique.com<\/a>. Se desejar acrescentar informa\u00e7\u00f5es complementares \u00e0 sua indica\u00e7\u00e3o, pode escrever-nos para o mesmo ou preencher novamente o formul\u00e1rio acima com as informa\u00e7\u00f5es complementares.<\/p>\n<\/fieldset>\n\n<span class=\"wpcf7-form-control-wrap\" data-name=\"acceptance-709\"><span class=\"wpcf7-form-control wpcf7-acceptance\"><span class=\"wpcf7-list-item\"><label><input type=\"checkbox\" name=\"acceptance-709\" value=\"1\" aria-invalid=\"false\" \/><span class=\"wpcf7-list-item-label\">Ao utilizar este formul\u00e1rio, concordo com a transmiss\u00e3o e o armazenamento destes dados e certifico, por minha honra, que as informa\u00e7\u00f5es fornecidas nesta declara\u00e7\u00e3o s\u00e3o ver\u00eddicas.<\/span><\/label><\/span><\/span><\/span>\n\n<div class=\"cf7-cf-turnstile\" style=\"margin-top: 0px; margin-bottom: -15px;\"> <div id=\"cf-turnstile-cf7-183708959\" class=\"cf-turnstile\" data-sitekey=\"0x4AAAAAABloNGI2XXMKYtw-\" data-theme=\"light\" data-language=\"auto\" data-size=\"normal\" data-retry=\"auto\" data-retry-interval=\"1000\" data-refresh-expired=\"auto\" data-action=\"contact-form-7\" data-appearance=\"always\"><\/div> <script>document.addEventListener(\"DOMContentLoaded\", function() { setTimeout(function(){ var e=document.getElementById(\"cf-turnstile-cf7-183708959\"); e&&!e.innerHTML.trim()&&(turnstile.remove(\"#cf-turnstile-cf7-183708959\"), turnstile.render(\"#cf-turnstile-cf7-183708959\", {sitekey:\"0x4AAAAAABloNGI2XXMKYtw-\"})); }, 100); });<\/script> <br class=\"cf-turnstile-br cf-turnstile-br-cf7-183708959\"> <style>#cf-turnstile-cf7-183708959 { margin-left: -15px; }<\/style> <script>document.addEventListener(\"DOMContentLoaded\",function(){document.querySelectorAll('.wpcf7-form').forEach(function(e){e.addEventListener('submit',function(){if(document.getElementById('cf-turnstile-cf7-183708959')){setTimeout(function(){turnstile.reset('#cf-turnstile-cf7-183708959');},1000)}})})});<\/script> <\/div><br\/><input class=\"wpcf7-form-control wpcf7-submit has-spinner\" type=\"submit\" value=\"Enviar\" \/><div class=\"wpcf7-response-output\" aria-hidden=\"true\"><\/div>\n<\/form>\n<\/div>\n<\/div>\n","protected":false},"excerpt":{"rendered":"<p>A STEEP Plastique compromete-se a lutar contra qualquer comportamento contr\u00e1rio [&hellip;]<\/p>\n","protected":false},"author":1,"featured_media":1207,"parent":0,"menu_order":0,"comment_status":"closed","ping_status":"closed","template":"","meta":{"_acf_changed":false,"footnotes":""},"class_list":["post-1206","page","type-page","status-publish","has-post-thumbnail","hentry"],"acf":[],"_links":{"self":[{"href":"https:\/\/www.steep-plastique.com\/pt-pt\/wp-json\/wp\/v2\/pages\/1206","targetHints":{"allow":["GET"]}}],"collection":[{"href":"https:\/\/www.steep-plastique.com\/pt-pt\/wp-json\/wp\/v2\/pages"}],"about":[{"href":"https:\/\/www.steep-plastique.com\/pt-pt\/wp-json\/wp\/v2\/types\/page"}],"author":[{"embeddable":true,"href":"https:\/\/www.steep-plastique.com\/pt-pt\/wp-json\/wp\/v2\/users\/1"}],"replies":[{"embeddable":true,"href":"https:\/\/www.steep-plastique.com\/pt-pt\/wp-json\/wp\/v2\/comments?post=1206"}],"version-history":[{"count":2,"href":"https:\/\/www.steep-plastique.com\/pt-pt\/wp-json\/wp\/v2\/pages\/1206\/revisions"}],"predecessor-version":[{"id":1220,"href":"https:\/\/www.steep-plastique.com\/pt-pt\/wp-json\/wp\/v2\/pages\/1206\/revisions\/1220"}],"wp:featuredmedia":[{"embeddable":true,"href":"https:\/\/www.steep-plastique.com\/pt-pt\/wp-json\/wp\/v2\/media\/1207"}],"wp:attachment":[{"href":"https:\/\/www.steep-plastique.com\/pt-pt\/wp-json\/wp\/v2\/media?parent=1206"}],"curies":[{"name":"wp","href":"https:\/\/api.w.org\/{rel}","templated":true}]}}