{"id":795,"date":"2022-01-06T14:35:04","date_gmt":"2022-01-06T13:35:04","guid":{"rendered":"https:\/\/www.steep-plastique.com\/recherche-developpement\/"},"modified":"2022-05-04T09:11:55","modified_gmt":"2022-05-04T07:11:55","slug":"research-development","status":"publish","type":"page","link":"https:\/\/www.steep-plastique.com\/en\/research-development\/","title":{"rendered":"Research &#038; Development"},"content":{"rendered":"\n<div class=\"wp-block-group alignwide\"><div class=\"wp-block-group__inner-container is-layout-flow wp-block-group-is-layout-flow\">\n<div class=\"wp-block-media-text alignwide has-media-on-the-right is-stacked-on-mobile wrap_content first-groupe\"><figure class=\"wp-block-media-text__media\"><img loading=\"lazy\" decoding=\"async\" width=\"1024\" height=\"800\" src=\"https:\/\/www.steep-plastique.com\/wp-content\/uploads\/2022\/02\/equipe-ingenieur-recherche-developpement-pieces-plastiques-automobile.jpg\" alt=\"Equipe ing\u00e9nieur recherche et d\u00e9veloppement pi\u00e8ces plastiques automobile\" class=\"wp-image-570 size-full\" srcset=\"https:\/\/www.steep-plastique.com\/wp-content\/uploads\/2022\/02\/equipe-ingenieur-recherche-developpement-pieces-plastiques-automobile.jpg 1024w, https:\/\/www.steep-plastique.com\/wp-content\/uploads\/2022\/02\/equipe-ingenieur-recherche-developpement-pieces-plastiques-automobile-300x234.jpg 300w, https:\/\/www.steep-plastique.com\/wp-content\/uploads\/2022\/02\/equipe-ingenieur-recherche-developpement-pieces-plastiques-automobile-768x600.jpg 768w\" sizes=\"auto, (max-width: 1024px) 100vw, 1024px\" \/><\/figure><div class=\"wp-block-media-text__content\">\n<h2 class=\"wp-block-heading\" id=\"une-equipe-pluridisciplinaire\">A multidisciplinary team<\/h2>\n\n\n\n<p>Our technicians, engineers, structural analysts, draughtsmen and sales staff work as a team to find innovative technical solutions thanks to their combined and proven expertise in our test centre.<\/p>\n<\/div><\/div>\n\n\n\n<div class=\"wp-block-group wrap_essai wrap_content\"><div class=\"wp-block-group__inner-container is-layout-flow wp-block-group-is-layout-flow\">\n<h2 class=\"wp-block-heading\" id=\"centre-d-essais\">Test centre<\/h2>\n\n\n\n<div class=\"wp-block-columns is-layout-flex wp-container-core-columns-is-layout-9d6595d7 wp-block-columns-is-layout-flex\">\n<div class=\"wp-block-column image_essai is-layout-flow wp-block-column-is-layout-flow\" style=\"flex-basis:40%\">\n<figure class=\"wp-block-image size-large\"><img loading=\"lazy\" decoding=\"async\" width=\"1024\" height=\"768\" src=\"https:\/\/www.steep-plastique.com\/wp-content\/uploads\/2022\/02\/IMG_20210427_181122-1024x768.jpg\" alt=\"\" class=\"wp-image-486\" srcset=\"https:\/\/www.steep-plastique.com\/wp-content\/uploads\/2022\/02\/IMG_20210427_181122-1024x768.jpg 1024w, https:\/\/www.steep-plastique.com\/wp-content\/uploads\/2022\/02\/IMG_20210427_181122-300x225.jpg 300w, https:\/\/www.steep-plastique.com\/wp-content\/uploads\/2022\/02\/IMG_20210427_181122-768x576.jpg 768w, https:\/\/www.steep-plastique.com\/wp-content\/uploads\/2022\/02\/IMG_20210427_181122-1536x1152.jpg 1536w, https:\/\/www.steep-plastique.com\/wp-content\/uploads\/2022\/02\/IMG_20210427_181122-2048x1536.jpg 2048w\" sizes=\"auto, (max-width: 1024px) 100vw, 1024px\" \/><\/figure>\n<\/div>\n\n\n\n<div class=\"wp-block-column texte_essai is-layout-flow wp-block-column-is-layout-flow\" style=\"flex-basis:60%\">\n<p class=\"titre_essai\">We validate all the functions we develop.<\/p>\n\n\n\n<ul class=\"wp-block-list\"><li>Cyclic pressure bench<\/li><li>Vibration pot with climatic chamber<\/li><li>Thermal shock chamber<\/li><li>High flow BlowBy control bench<\/li><li>Pneumatic endurance bench<\/li><li>Overpressure test bench<\/li><li>Vacuum test bench<\/li><li>Leakage flow measurement and burst test<\/li><li>Traction test bench<\/li><li>Bench of settling<\/li><li>Bench for impact simulation<\/li><\/ul>\n<\/div>\n<\/div>\n<\/div><\/div>\n\n\n\n<div class=\"wp-block-group wrap_developpement wrap_content\"><div class=\"wp-block-group__inner-container is-layout-flow wp-block-group-is-layout-flow\">\n<div class=\"wp-block-columns is-layout-flex wp-container-core-columns-is-layout-9d6595d7 wp-block-columns-is-layout-flex\">\n<div class=\"wp-block-column is-layout-flow wp-block-column-is-layout-flow\">\n<h2 class=\"wp-block-heading\" id=\"developpement-calcul-et-validations\">Development, calculation and validation<\/h2>\n\n\n\n<p>Design and validation are entirely performed internally at the Miribel R&amp;D centre.<\/p>\n\n\n\n<p>Our calculation centre provides:<\/p>\n\n\n\n<ul class=\"wp-block-list\"><li>IDEAS \/ IDEAS-VIBRO vibro-acoustic calculation<\/li><li>Rheological calculation Moldflow<\/li><li>Flow calculation with the FLUENT simulation software<\/li><li>Simulation of high speed impacts (crash)<\/li><li>ANSYS structure calculation<\/li><\/ul>\n<\/div>\n\n\n\n<div class=\"wp-block-column is-layout-flow wp-block-column-is-layout-flow\">\n<div class=\"wp-block-columns wrap_quatre_image is-layout-flex wp-container-core-columns-is-layout-9d6595d7 wp-block-columns-is-layout-flex\">\n<div class=\"wp-block-column is-layout-flow wp-block-column-is-layout-flow\">\n<figure class=\"wp-block-image size-full\"><a class=\"fancybox\" href=\"https:\/\/www.steep-plastique.com\/wp-content\/uploads\/2022\/01\/developpement-1.png\"><img loading=\"lazy\" decoding=\"async\" width=\"361\" height=\"238\" src=\"https:\/\/www.steep-plastique.com\/wp-content\/uploads\/2022\/01\/developpement-1.png\" alt=\"\" class=\"wp-image-317\" srcset=\"https:\/\/www.steep-plastique.com\/wp-content\/uploads\/2022\/01\/developpement-1.png 361w, https:\/\/www.steep-plastique.com\/wp-content\/uploads\/2022\/01\/developpement-1-300x198.png 300w\" sizes=\"auto, (max-width: 361px) 100vw, 361px\" \/><\/a><\/figure>\n\n\n\n<figure class=\"wp-block-image size-full\"><a class=\"fancybox\" href=\"https:\/\/www.steep-plastique.com\/wp-content\/uploads\/2022\/01\/developpement-4.png\"><img loading=\"lazy\" decoding=\"async\" width=\"365\" height=\"343\" src=\"https:\/\/www.steep-plastique.com\/wp-content\/uploads\/2022\/01\/developpement-4.png\" alt=\"\" class=\"wp-image-315\" srcset=\"https:\/\/www.steep-plastique.com\/wp-content\/uploads\/2022\/01\/developpement-4.png 365w, https:\/\/www.steep-plastique.com\/wp-content\/uploads\/2022\/01\/developpement-4-300x282.png 300w\" sizes=\"auto, (max-width: 365px) 100vw, 365px\" \/><\/a><\/figure>\n<\/div>\n\n\n\n<div class=\"wp-block-column is-layout-flow wp-block-column-is-layout-flow\">\n<figure class=\"wp-block-image size-full\"><a class=\"fancybox\" href=\"https:\/\/www.steep-plastique.com\/wp-content\/uploads\/2022\/01\/developpement-2.png\"><img loading=\"lazy\" decoding=\"async\" width=\"360\" height=\"363\" src=\"https:\/\/www.steep-plastique.com\/wp-content\/uploads\/2022\/01\/developpement-2.png\" alt=\"\" class=\"wp-image-316\" srcset=\"https:\/\/www.steep-plastique.com\/wp-content\/uploads\/2022\/01\/developpement-2.png 360w, https:\/\/www.steep-plastique.com\/wp-content\/uploads\/2022\/01\/developpement-2-298x300.png 298w, https:\/\/www.steep-plastique.com\/wp-content\/uploads\/2022\/01\/developpement-2-150x150.png 150w\" sizes=\"auto, (max-width: 360px) 100vw, 360px\" \/><\/a><\/figure>\n\n\n\n<figure class=\"wp-block-image size-full\"><a class=\"fancybox\" href=\"https:\/\/www.steep-plastique.com\/wp-content\/uploads\/2022\/01\/developpement-3.png\"><img loading=\"lazy\" decoding=\"async\" width=\"361\" height=\"255\" src=\"https:\/\/www.steep-plastique.com\/wp-content\/uploads\/2022\/01\/developpement-3.png\" alt=\"\" class=\"wp-image-314\" srcset=\"https:\/\/www.steep-plastique.com\/wp-content\/uploads\/2022\/01\/developpement-3.png 361w, https:\/\/www.steep-plastique.com\/wp-content\/uploads\/2022\/01\/developpement-3-300x212.png 300w\" sizes=\"auto, (max-width: 361px) 100vw, 361px\" \/><\/a><\/figure>\n<\/div>\n<\/div>\n<\/div>\n<\/div>\n<\/div><\/div>\n<\/div><\/div>\n","protected":false},"excerpt":{"rendered":"<p>A multidisciplinary team Our technicians, engineers, structural analysts, draughtsmen and [&hellip;]<\/p>\n","protected":false},"author":1,"featured_media":285,"parent":0,"menu_order":3,"comment_status":"closed","ping_status":"closed","template":"","meta":{"_acf_changed":false,"footnotes":""},"class_list":["post-795","page","type-page","status-publish","has-post-thumbnail","hentry"],"acf":[],"_links":{"self":[{"href":"https:\/\/www.steep-plastique.com\/en\/wp-json\/wp\/v2\/pages\/795","targetHints":{"allow":["GET"]}}],"collection":[{"href":"https:\/\/www.steep-plastique.com\/en\/wp-json\/wp\/v2\/pages"}],"about":[{"href":"https:\/\/www.steep-plastique.com\/en\/wp-json\/wp\/v2\/types\/page"}],"author":[{"embeddable":true,"href":"https:\/\/www.steep-plastique.com\/en\/wp-json\/wp\/v2\/users\/1"}],"replies":[{"embeddable":true,"href":"https:\/\/www.steep-plastique.com\/en\/wp-json\/wp\/v2\/comments?post=795"}],"version-history":[{"count":2,"href":"https:\/\/www.steep-plastique.com\/en\/wp-json\/wp\/v2\/pages\/795\/revisions"}],"predecessor-version":[{"id":799,"href":"https:\/\/www.steep-plastique.com\/en\/wp-json\/wp\/v2\/pages\/795\/revisions\/799"}],"wp:featuredmedia":[{"embeddable":true,"href":"https:\/\/www.steep-plastique.com\/en\/wp-json\/wp\/v2\/media\/285"}],"wp:attachment":[{"href":"https:\/\/www.steep-plastique.com\/en\/wp-json\/wp\/v2\/media?parent=795"}],"curies":[{"name":"wp","href":"https:\/\/api.w.org\/{rel}","templated":true}]}}