{"id":851,"date":"2022-01-27T14:09:18","date_gmt":"2022-01-27T13:09:18","guid":{"rendered":"https:\/\/www.steep-plastique.com\/sites\/"},"modified":"2022-05-04T09:08:58","modified_gmt":"2022-05-04T07:08:58","slug":"standorte","status":"publish","type":"page","link":"https:\/\/www.steep-plastique.com\/de\/standorte\/","title":{"rendered":"Standorte"},"content":{"rendered":"\n<div class=\"wp-block-group wrap_content\"><div class=\"wp-block-group__inner-container is-layout-flow wp-block-group-is-layout-flow\">\n<h2 class=\"has-text-align-center wp-block-heading\" id=\"decouvrez-tous-nos-sites\">Entdecken Sie alle unsere Standorte<\/h2>\n\n\n\n<div class=\"wp-block-columns liste_site is-layout-flex wp-container-core-columns-is-layout-9d6595d7 wp-block-columns-is-layout-flex\">\n<div class=\"wp-block-column is-layout-flow wp-block-column-is-layout-flow\">\n<div class=\"wp-block-group pays_site\"><div class=\"wp-block-group__inner-container is-layout-flow wp-block-group-is-layout-flow\">\n<div class=\"wp-block-columns is-layout-flex wp-container-core-columns-is-layout-9d6595d7 wp-block-columns-is-layout-flex\">\n<div class=\"wp-block-column is-layout-flow wp-block-column-is-layout-flow\">\n<p>Frankreich<\/p>\n<\/div>\n\n\n\n<div class=\"wp-block-column is-layout-flow wp-block-column-is-layout-flow\">\n<figure class=\"wp-block-image size-full\"><img loading=\"lazy\" decoding=\"async\" width=\"425\" height=\"283\" src=\"https:\/\/www.steep-plastique.com\/wp-content\/uploads\/2022\/01\/drapeau-france.jpg\" alt=\"\" class=\"wp-image-677\" srcset=\"https:\/\/www.steep-plastique.com\/wp-content\/uploads\/2022\/01\/drapeau-france.jpg 425w, https:\/\/www.steep-plastique.com\/wp-content\/uploads\/2022\/01\/drapeau-france-300x200.jpg 300w\" sizes=\"auto, (max-width: 425px) 100vw, 425px\" \/><\/figure>\n<\/div>\n<\/div>\n<\/div><\/div>\n\n\n\n<div class=\"wp-block-group inside_site\"><div class=\"wp-block-group__inner-container is-layout-flow wp-block-group-is-layout-flow\">\n<p class=\"titre_liste_site\">STEEP plastique<\/p>\n\n\n\n<p class=\"adresse_site\">3 Chemin du Pilon<br>CS 50304<br>01700 Saint Maurice de Beynost<\/p>\n\n\n\n<p class=\"tel_site\">+33 (0)4.72.88.10.80<\/p>\n\n\n\n<p class=\"mail_site\">contact@steep-plastique.com<\/p>\n\n\n\n<p><a rel=\"noreferrer noopener\" href=\"https:\/\/goo.gl\/maps\/WSsCCbiU3nYHv92d6\" target=\"_blank\">Wie Sie uns finden k\u00f6nnen<\/a><\/p>\n<\/div><\/div>\n\n\n\n<figure class=\"wp-block-image size-large image_site\"><img loading=\"lazy\" decoding=\"async\" width=\"1024\" height=\"498\" src=\"https:\/\/www.steep-plastique.com\/wp-content\/uploads\/2022\/02\/Photo-siege-steep-France-1024x498.jpg\" alt=\"\" class=\"wp-image-693\" srcset=\"https:\/\/www.steep-plastique.com\/wp-content\/uploads\/2022\/02\/Photo-siege-steep-France-1024x498.jpg 1024w, https:\/\/www.steep-plastique.com\/wp-content\/uploads\/2022\/02\/Photo-siege-steep-France-300x146.jpg 300w, https:\/\/www.steep-plastique.com\/wp-content\/uploads\/2022\/02\/Photo-siege-steep-France-768x373.jpg 768w, https:\/\/www.steep-plastique.com\/wp-content\/uploads\/2022\/02\/Photo-siege-steep-France-1536x746.jpg 1536w, https:\/\/www.steep-plastique.com\/wp-content\/uploads\/2022\/02\/Photo-siege-steep-France-2048x995.jpg 2048w\" sizes=\"auto, (max-width: 1024px) 100vw, 1024px\" \/><\/figure>\n<\/div>\n\n\n\n<div class=\"wp-block-column is-layout-flow wp-block-column-is-layout-flow\">\n<div class=\"wp-block-group pays_site\"><div class=\"wp-block-group__inner-container is-layout-flow wp-block-group-is-layout-flow\">\n<div class=\"wp-block-columns is-layout-flex wp-container-core-columns-is-layout-9d6595d7 wp-block-columns-is-layout-flex\">\n<div class=\"wp-block-column is-layout-flow wp-block-column-is-layout-flow\">\n<p>Slowakei<\/p>\n<\/div>\n\n\n\n<div class=\"wp-block-column is-layout-flow wp-block-column-is-layout-flow\">\n<figure class=\"wp-block-image size-full\"><img loading=\"lazy\" decoding=\"async\" width=\"225\" height=\"150\" src=\"https:\/\/www.steep-plastique.com\/wp-content\/uploads\/2022\/01\/Flag_of_Slovakia.svg_.png\" alt=\"\" class=\"wp-image-679\"\/><\/figure>\n<\/div>\n<\/div>\n<\/div><\/div>\n\n\n\n<div class=\"wp-block-group inside_site\"><div class=\"wp-block-group__inner-container is-layout-flow wp-block-group-is-layout-flow\">\n<p class=\"titre_liste_site\">STEEP PLAST Slovakia, s.r.o.<\/p>\n\n\n\n<p>Doln\u00e9Hony 26, 951 41 Lu\u017eiankySLOVAKIA<\/p>\n\n\n\n<p class=\"tel_site\">+421 377922600<\/p>\n\n\n\n<p class=\"mail_site\">contact@steep-plast.sk<\/p>\n\n\n\n<p><a rel=\"noreferrer noopener\" href=\"https:\/\/goo.gl\/maps\/vxrgknemxnmQwYB46\" target=\"_blank\">Wie Sie uns finden k\u00f6nnen<\/a><\/p>\n<\/div><\/div>\n\n\n\n<figure class=\"wp-block-image size-large image_site\"><img loading=\"lazy\" decoding=\"async\" width=\"1024\" height=\"681\" src=\"https:\/\/www.steep-plastique.com\/wp-content\/uploads\/2022\/02\/photo-steep-SK-1024x681.jpg\" alt=\"\" class=\"wp-image-694\" srcset=\"https:\/\/www.steep-plastique.com\/wp-content\/uploads\/2022\/02\/photo-steep-SK-1024x681.jpg 1024w, https:\/\/www.steep-plastique.com\/wp-content\/uploads\/2022\/02\/photo-steep-SK-300x199.jpg 300w, https:\/\/www.steep-plastique.com\/wp-content\/uploads\/2022\/02\/photo-steep-SK-768x511.jpg 768w, https:\/\/www.steep-plastique.com\/wp-content\/uploads\/2022\/02\/photo-steep-SK-1536x1021.jpg 1536w, https:\/\/www.steep-plastique.com\/wp-content\/uploads\/2022\/02\/photo-steep-SK-2048x1362.jpg 2048w\" sizes=\"auto, (max-width: 1024px) 100vw, 1024px\" \/><\/figure>\n<\/div>\n\n\n\n<div class=\"wp-block-column is-layout-flow wp-block-column-is-layout-flow\">\n<div class=\"wp-block-group pays_site\"><div class=\"wp-block-group__inner-container is-layout-flow wp-block-group-is-layout-flow\">\n<div class=\"wp-block-columns is-layout-flex wp-container-core-columns-is-layout-9d6595d7 wp-block-columns-is-layout-flex\">\n<div class=\"wp-block-column is-layout-flow wp-block-column-is-layout-flow\">\n<p>T\u00fcrkei<\/p>\n<\/div>\n\n\n\n<div class=\"wp-block-column is-layout-flow wp-block-column-is-layout-flow\">\n<figure class=\"wp-block-image size-full\"><img loading=\"lazy\" decoding=\"async\" width=\"225\" height=\"150\" src=\"https:\/\/www.steep-plastique.com\/wp-content\/uploads\/2022\/01\/Flag_of_Turkey.svg_.png\" alt=\"\" class=\"wp-image-680\"\/><\/figure>\n<\/div>\n<\/div>\n<\/div><\/div>\n\n\n\n<div class=\"wp-block-group inside_site\"><div class=\"wp-block-group__inner-container is-layout-flow wp-block-group-is-layout-flow\">\n<p class=\"titre_liste_site\">STEEP TR PLASTIK SAN T\u0130C LTD \u015eT\u0130<\/p>\n\n\n\n<p>K\u00f6seler Mahallesi 3. Cad. No.3241 455 Dilovas\u0131-KOCAELI TURKEY<\/p>\n\n\n\n<p class=\"tel_site\">+90 262 728 14 34<\/p>\n\n\n\n<p class=\"mail_site\">contact@steep-tr.com<\/p>\n\n\n\n<p><a rel=\"noreferrer noopener\" href=\"https:\/\/g.page\/Steeptrplastik?share\" target=\"_blank\">Wie Sie uns finden k\u00f6nnen<\/a><\/p>\n<\/div><\/div>\n\n\n\n<figure class=\"wp-block-image size-large image_site\"><img loading=\"lazy\" decoding=\"async\" width=\"1024\" height=\"768\" src=\"https:\/\/www.steep-plastique.com\/wp-content\/uploads\/2022\/02\/Photo-siege-steep-turquie-1024x768.jpg\" alt=\"\" class=\"wp-image-695\" srcset=\"https:\/\/www.steep-plastique.com\/wp-content\/uploads\/2022\/02\/Photo-siege-steep-turquie-1024x768.jpg 1024w, https:\/\/www.steep-plastique.com\/wp-content\/uploads\/2022\/02\/Photo-siege-steep-turquie-300x225.jpg 300w, https:\/\/www.steep-plastique.com\/wp-content\/uploads\/2022\/02\/Photo-siege-steep-turquie-768x576.jpg 768w, https:\/\/www.steep-plastique.com\/wp-content\/uploads\/2022\/02\/Photo-siege-steep-turquie-1536x1152.jpg 1536w, https:\/\/www.steep-plastique.com\/wp-content\/uploads\/2022\/02\/Photo-siege-steep-turquie-2048x1536.jpg 2048w\" sizes=\"auto, (max-width: 1024px) 100vw, 1024px\" \/><\/figure>\n<\/div>\n<\/div>\n\n\n\n<div class=\"wp-block-columns liste_site is-layout-flex wp-container-core-columns-is-layout-9d6595d7 wp-block-columns-is-layout-flex\">\n<div class=\"wp-block-column is-layout-flow wp-block-column-is-layout-flow\">\n<div class=\"wp-block-group pays_site\"><div class=\"wp-block-group__inner-container is-layout-flow wp-block-group-is-layout-flow\">\n<div class=\"wp-block-columns is-layout-flex wp-container-core-columns-is-layout-9d6595d7 wp-block-columns-is-layout-flex\">\n<div class=\"wp-block-column is-layout-flow wp-block-column-is-layout-flow\">\n<p>Marokko<\/p>\n<\/div>\n\n\n\n<div class=\"wp-block-column is-layout-flow wp-block-column-is-layout-flow\">\n<figure class=\"wp-block-image size-full\"><img loading=\"lazy\" decoding=\"async\" width=\"225\" height=\"150\" src=\"https:\/\/www.steep-plastique.com\/wp-content\/uploads\/2022\/01\/langfr-225px-Flag_of_Morocco.svg_.png\" alt=\"\" class=\"wp-image-682\"\/><\/figure>\n<\/div>\n<\/div>\n<\/div><\/div>\n\n\n\n<div class=\"wp-block-group inside_site\"><div class=\"wp-block-group__inner-container is-layout-flow wp-block-group-is-layout-flow\">\n<p class=\"titre_liste_site\">Steep Plastique MAROC<\/p>\n\n\n\n<p>Atlantic Free ZoneLot II.28 RN4 AMER SEFLIA \u2013 KENITRA<\/p>\n\n\n\n<p class=\"tel_site\">+212 530 12 01 50<\/p>\n\n\n\n<p class=\"mail_site\">contact@steep-maroc.com<\/p>\n\n\n\n<p><a rel=\"noreferrer noopener\" href=\"https:\/\/goo.gl\/maps\/NsvPQD4HjjfFWEdk9\" target=\"_blank\">Wie Sie uns finden k\u00f6nnen<\/a><\/p>\n<\/div><\/div>\n\n\n\n<figure class=\"wp-block-image size-large image_site\"><img loading=\"lazy\" decoding=\"async\" width=\"1024\" height=\"683\" src=\"https:\/\/www.steep-plastique.com\/wp-content\/uploads\/2022\/02\/photo-steep-Maroc-2-1024x683.jpg\" alt=\"\" class=\"wp-image-696\" srcset=\"https:\/\/www.steep-plastique.com\/wp-content\/uploads\/2022\/02\/photo-steep-Maroc-2-1024x683.jpg 1024w, https:\/\/www.steep-plastique.com\/wp-content\/uploads\/2022\/02\/photo-steep-Maroc-2-300x200.jpg 300w, https:\/\/www.steep-plastique.com\/wp-content\/uploads\/2022\/02\/photo-steep-Maroc-2-768x512.jpg 768w, https:\/\/www.steep-plastique.com\/wp-content\/uploads\/2022\/02\/photo-steep-Maroc-2-1536x1024.jpg 1536w, https:\/\/www.steep-plastique.com\/wp-content\/uploads\/2022\/02\/photo-steep-Maroc-2.jpg 1918w\" sizes=\"auto, (max-width: 1024px) 100vw, 1024px\" \/><\/figure>\n<\/div>\n\n\n\n<div class=\"wp-block-column is-layout-flow wp-block-column-is-layout-flow\">\n<div class=\"wp-block-group pays_site\"><div class=\"wp-block-group__inner-container is-layout-flow wp-block-group-is-layout-flow\">\n<div class=\"wp-block-columns is-layout-flex wp-container-core-columns-is-layout-9d6595d7 wp-block-columns-is-layout-flex\">\n<div class=\"wp-block-column is-layout-flow wp-block-column-is-layout-flow\">\n<p>Portugal<\/p>\n<\/div>\n\n\n\n<div class=\"wp-block-column is-layout-flow wp-block-column-is-layout-flow\">\n<figure class=\"wp-block-image size-full\"><img loading=\"lazy\" decoding=\"async\" width=\"425\" height=\"283\" src=\"https:\/\/www.steep-plastique.com\/wp-content\/uploads\/2022\/01\/31z9Jp9S7YL._AC_SX425_.jpg\" alt=\"\" class=\"wp-image-681\" srcset=\"https:\/\/www.steep-plastique.com\/wp-content\/uploads\/2022\/01\/31z9Jp9S7YL._AC_SX425_.jpg 425w, https:\/\/www.steep-plastique.com\/wp-content\/uploads\/2022\/01\/31z9Jp9S7YL._AC_SX425_-300x200.jpg 300w\" sizes=\"auto, (max-width: 425px) 100vw, 425px\" \/><\/figure>\n<\/div>\n<\/div>\n<\/div><\/div>\n\n\n\n<div class=\"wp-block-group inside_site\"><div class=\"wp-block-group__inner-container is-layout-flow wp-block-group-is-layout-flow\">\n<p class=\"titre_liste_site\">STE EXPL. PL\u00c1STICOS, LDA<\/p>\n\n\n\n<p>Parque Empresarial de Lanheses, Estrada do Engenho, 320 Lanheses, Viana do Castelo 4925-432&nbsp;LANHESES<\/p>\n\n\n\n<p class=\"tel_site\">+351.258.109.951<\/p>\n\n\n\n<p class=\"mail_site\">contact@steep-portugal.com<\/p>\n\n\n\n<p><a rel=\"noreferrer noopener\" href=\"https:\/\/goo.gl\/maps\/Ci9DVm7MJmVrT3NbA\" target=\"_blank\">Wie Sie uns finden k\u00f6nnen<\/a><\/p>\n<\/div><\/div>\n\n\n\n<figure class=\"wp-block-image size-large image_site\"><img loading=\"lazy\" decoding=\"async\" width=\"1024\" height=\"682\" src=\"https:\/\/www.steep-plastique.com\/wp-content\/uploads\/2022\/02\/photo-steep-PORTUGAL-2-1024x682.jpg\" alt=\"\" class=\"wp-image-697\" srcset=\"https:\/\/www.steep-plastique.com\/wp-content\/uploads\/2022\/02\/photo-steep-PORTUGAL-2-1024x682.jpg 1024w, https:\/\/www.steep-plastique.com\/wp-content\/uploads\/2022\/02\/photo-steep-PORTUGAL-2-300x200.jpg 300w, https:\/\/www.steep-plastique.com\/wp-content\/uploads\/2022\/02\/photo-steep-PORTUGAL-2-768x512.jpg 768w, https:\/\/www.steep-plastique.com\/wp-content\/uploads\/2022\/02\/photo-steep-PORTUGAL-2-1536x1023.jpg 1536w, https:\/\/www.steep-plastique.com\/wp-content\/uploads\/2022\/02\/photo-steep-PORTUGAL-2-2048x1364.jpg 2048w\" sizes=\"auto, (max-width: 1024px) 100vw, 1024px\" \/><\/figure>\n\n\n\n<div style=\"height:100px\" aria-hidden=\"true\" class=\"wp-block-spacer\"><\/div>\n\n\n\n<div class=\"wp-block-buttons is-layout-flex wp-block-buttons-is-layout-flex\">\n<div class=\"wp-block-button aligncenter is-style-outline is-style-outline--1\"><a class=\"wp-block-button__link\" href=\"https:\/\/www.steep-plastique.com\/projects\/\" target=\"_blank\" rel=\"noreferrer noopener\">Projects COMPETE 2020<\/a><\/div>\n<\/div>\n\n\n\n<div style=\"height:100px\" aria-hidden=\"true\" class=\"wp-block-spacer\"><\/div>\n<\/div>\n<\/div>\n<\/div><\/div>\n","protected":false},"excerpt":{"rendered":"<p>Entdecken Sie alle unsere Standorte Frankreich STEEP plastique 3 Chemin [&hellip;]<\/p>\n","protected":false},"author":1,"featured_media":585,"parent":0,"menu_order":4,"comment_status":"closed","ping_status":"closed","template":"","meta":{"_acf_changed":false,"footnotes":""},"class_list":["post-851","page","type-page","status-publish","has-post-thumbnail","hentry"],"acf":[],"_links":{"self":[{"href":"https:\/\/www.steep-plastique.com\/de\/wp-json\/wp\/v2\/pages\/851","targetHints":{"allow":["GET"]}}],"collection":[{"href":"https:\/\/www.steep-plastique.com\/de\/wp-json\/wp\/v2\/pages"}],"about":[{"href":"https:\/\/www.steep-plastique.com\/de\/wp-json\/wp\/v2\/types\/page"}],"author":[{"embeddable":true,"href":"https:\/\/www.steep-plastique.com\/de\/wp-json\/wp\/v2\/users\/1"}],"replies":[{"embeddable":true,"href":"https:\/\/www.steep-plastique.com\/de\/wp-json\/wp\/v2\/comments?post=851"}],"version-history":[{"count":1,"href":"https:\/\/www.steep-plastique.com\/de\/wp-json\/wp\/v2\/pages\/851\/revisions"}],"predecessor-version":[{"id":855,"href":"https:\/\/www.steep-plastique.com\/de\/wp-json\/wp\/v2\/pages\/851\/revisions\/855"}],"wp:featuredmedia":[{"embeddable":true,"href":"https:\/\/www.steep-plastique.com\/de\/wp-json\/wp\/v2\/media\/585"}],"wp:attachment":[{"href":"https:\/\/www.steep-plastique.com\/de\/wp-json\/wp\/v2\/media?parent=851"}],"curies":[{"name":"wp","href":"https:\/\/api.w.org\/{rel}","templated":true}]}}