{"id":796,"date":"2022-01-06T14:35:04","date_gmt":"2022-01-06T13:35:04","guid":{"rendered":"https:\/\/www.steep-plastique.com\/recherche-developpement\/"},"modified":"2022-05-04T08:57:08","modified_gmt":"2022-05-04T06:57:08","slug":"forschung-entwicklung","status":"publish","type":"page","link":"https:\/\/www.steep-plastique.com\/de\/forschung-entwicklung\/","title":{"rendered":"Forschung &#038; Entwicklung"},"content":{"rendered":"\n<div class=\"wp-block-group alignwide\"><div class=\"wp-block-group__inner-container is-layout-flow wp-block-group-is-layout-flow\">\n<div class=\"wp-block-media-text alignwide has-media-on-the-right is-stacked-on-mobile wrap_content first-groupe\"><figure class=\"wp-block-media-text__media\"><img loading=\"lazy\" decoding=\"async\" width=\"1024\" height=\"800\" src=\"https:\/\/www.steep-plastique.com\/wp-content\/uploads\/2022\/02\/equipe-ingenieur-recherche-developpement-pieces-plastiques-automobile.jpg\" alt=\"Equipe ing\u00e9nieur recherche et d\u00e9veloppement pi\u00e8ces plastiques automobile\" class=\"wp-image-710 size-full\" srcset=\"https:\/\/www.steep-plastique.com\/wp-content\/uploads\/2022\/02\/equipe-ingenieur-recherche-developpement-pieces-plastiques-automobile.jpg 1024w, https:\/\/www.steep-plastique.com\/wp-content\/uploads\/2022\/02\/equipe-ingenieur-recherche-developpement-pieces-plastiques-automobile-300x234.jpg 300w, https:\/\/www.steep-plastique.com\/wp-content\/uploads\/2022\/02\/equipe-ingenieur-recherche-developpement-pieces-plastiques-automobile-768x600.jpg 768w\" sizes=\"auto, (max-width: 1024px) 100vw, 1024px\" \/><\/figure><div class=\"wp-block-media-text__content\">\n<h2 class=\"wp-block-heading\" id=\"une-equipe-pluridisciplinaire\">Ein multidisziplin\u00e4res Team<\/h2>\n\n\n\n<p>Unsere Techniker, Ingenieure, Statiker, Zeichner und Verkaufsmitarbeiter arbeiten im Team, um dank ihres kombinierten und bew\u00e4hrten Fachwissens in unserem Testzentrum innovative technische L\u00f6sungen zu finden.<\/p>\n<\/div><\/div>\n\n\n\n<div class=\"wp-block-group wrap_essai wrap_content\"><div class=\"wp-block-group__inner-container is-layout-flow wp-block-group-is-layout-flow\">\n<h2 class=\"wp-block-heading\" id=\"centre-d-essais\">Testzentrum<\/h2>\n\n\n\n<div class=\"wp-block-columns is-layout-flex wp-container-core-columns-is-layout-9d6595d7 wp-block-columns-is-layout-flex\">\n<div class=\"wp-block-column image_essai is-layout-flow wp-block-column-is-layout-flow\" style=\"flex-basis:40%\">\n<figure class=\"wp-block-image size-large\"><img loading=\"lazy\" decoding=\"async\" width=\"1024\" height=\"768\" src=\"https:\/\/www.steep-plastique.com\/wp-content\/uploads\/2022\/02\/IMG_20210427_181122-1024x768.jpg\" alt=\"\" class=\"wp-image-692\" srcset=\"https:\/\/www.steep-plastique.com\/wp-content\/uploads\/2022\/02\/IMG_20210427_181122-1024x768.jpg 1024w, https:\/\/www.steep-plastique.com\/wp-content\/uploads\/2022\/02\/IMG_20210427_181122-300x225.jpg 300w, https:\/\/www.steep-plastique.com\/wp-content\/uploads\/2022\/02\/IMG_20210427_181122-768x576.jpg 768w, https:\/\/www.steep-plastique.com\/wp-content\/uploads\/2022\/02\/IMG_20210427_181122-1536x1152.jpg 1536w, https:\/\/www.steep-plastique.com\/wp-content\/uploads\/2022\/02\/IMG_20210427_181122-2048x1536.jpg 2048w\" sizes=\"auto, (max-width: 1024px) 100vw, 1024px\" \/><\/figure>\n<\/div>\n\n\n\n<div class=\"wp-block-column texte_essai is-layout-flow wp-block-column-is-layout-flow\" style=\"flex-basis:60%\">\n<p class=\"titre_essai\">Wir validieren alle Funktionen, die wir entwickeln.<\/p>\n\n\n\n<ul class=\"wp-block-list\"><li>Zyklische Druckpr\u00fcfung<\/li><li>Vibrationstopf mit Klimakammer<\/li><li>Thermoschock-Kammer<\/li><li>Pr\u00fcfstand f\u00fcr hohen Durchfluss BlowBy<\/li><li>Pneumatischer Dauerlaufpr\u00fcfstand<\/li><li>\u00dcberdruck-Pr\u00fcfstand<\/li><li>Vakuum-Pr\u00fcfstand<\/li><li>Leakagestrommessung und Zersplitterungpr\u00fcfung<\/li><li>Traktionspr\u00fcfstand<\/li><li>Dekantierspr\u00fcfstand<\/li><li>Pr\u00fcfstand f\u00fcr Aufprallsimulation<\/li><\/ul>\n<\/div>\n<\/div>\n<\/div><\/div>\n\n\n\n<div class=\"wp-block-group wrap_developpement wrap_content\"><div class=\"wp-block-group__inner-container is-layout-flow wp-block-group-is-layout-flow\">\n<div class=\"wp-block-columns is-layout-flex wp-container-core-columns-is-layout-9d6595d7 wp-block-columns-is-layout-flex\">\n<div class=\"wp-block-column is-layout-flow wp-block-column-is-layout-flow\">\n<h2 class=\"wp-block-heading\" id=\"developpement-calcul-et-validations\">Entwicklung, Berechnung und Validierung<\/h2>\n\n\n\n<p>Design und Validierung werden vollst\u00e4ndig intern im Forschungs- und Entwicklungszentrum von Miribel durchgef\u00fchrt.<\/p>\n\n\n\n<p>Unser Berechnungszentrum bietet:<\/p>\n\n\n\n<ul class=\"wp-block-list\"><li>IDEAS \/ IDEAS-VIBRO vibro-akustische Berechnungen<\/li><li>Rheologische Berechnung Moldflow<\/li><li>Str\u00f6mungsberechnung mit der Simulationssoftware FLUENT<\/li><li>Simulation von Hochgeschwindigkeitsst\u00f6\u00dfen (Crash)<\/li><li>ANSYS-Strukturberechnung<\/li><\/ul>\n<\/div>\n\n\n\n<div class=\"wp-block-column is-layout-flow wp-block-column-is-layout-flow\">\n<div class=\"wp-block-columns wrap_quatre_image is-layout-flex wp-container-core-columns-is-layout-9d6595d7 wp-block-columns-is-layout-flex\">\n<div class=\"wp-block-column is-layout-flow wp-block-column-is-layout-flow\">\n<figure class=\"wp-block-image size-full\"><a class=\"fancybox\" href=\"https:\/\/www.steep-plastique.com\/wp-content\/uploads\/2022\/01\/developpement-1.png\"><img loading=\"lazy\" decoding=\"async\" width=\"361\" height=\"238\" src=\"https:\/\/www.steep-plastique.com\/wp-content\/uploads\/2022\/01\/developpement-1.png\" alt=\"\" class=\"wp-image-611\" srcset=\"https:\/\/www.steep-plastique.com\/wp-content\/uploads\/2022\/01\/developpement-1.png 361w, https:\/\/www.steep-plastique.com\/wp-content\/uploads\/2022\/01\/developpement-1-300x198.png 300w\" sizes=\"auto, (max-width: 361px) 100vw, 361px\" \/><\/a><\/figure>\n\n\n\n<figure class=\"wp-block-image size-full\"><a class=\"fancybox\" href=\"https:\/\/www.steep-plastique.com\/wp-content\/uploads\/2022\/01\/developpement-4.png\"><img loading=\"lazy\" decoding=\"async\" width=\"365\" height=\"343\" src=\"https:\/\/www.steep-plastique.com\/wp-content\/uploads\/2022\/01\/developpement-4.png\" alt=\"\" class=\"wp-image-609\" srcset=\"https:\/\/www.steep-plastique.com\/wp-content\/uploads\/2022\/01\/developpement-4.png 365w, https:\/\/www.steep-plastique.com\/wp-content\/uploads\/2022\/01\/developpement-4-300x282.png 300w\" sizes=\"auto, (max-width: 365px) 100vw, 365px\" \/><\/a><\/figure>\n<\/div>\n\n\n\n<div class=\"wp-block-column is-layout-flow wp-block-column-is-layout-flow\">\n<figure class=\"wp-block-image size-full\"><a class=\"fancybox\" href=\"https:\/\/www.steep-plastique.com\/wp-content\/uploads\/2022\/01\/developpement-2.png\"><img loading=\"lazy\" decoding=\"async\" width=\"360\" height=\"363\" src=\"https:\/\/www.steep-plastique.com\/wp-content\/uploads\/2022\/01\/developpement-2.png\" alt=\"\" class=\"wp-image-610\" srcset=\"https:\/\/www.steep-plastique.com\/wp-content\/uploads\/2022\/01\/developpement-2.png 360w, https:\/\/www.steep-plastique.com\/wp-content\/uploads\/2022\/01\/developpement-2-298x300.png 298w, https:\/\/www.steep-plastique.com\/wp-content\/uploads\/2022\/01\/developpement-2-150x150.png 150w\" sizes=\"auto, (max-width: 360px) 100vw, 360px\" \/><\/a><\/figure>\n\n\n\n<figure class=\"wp-block-image size-full\"><a class=\"fancybox\" href=\"https:\/\/www.steep-plastique.com\/wp-content\/uploads\/2022\/01\/developpement-3.png\"><img loading=\"lazy\" decoding=\"async\" width=\"361\" height=\"255\" src=\"https:\/\/www.steep-plastique.com\/wp-content\/uploads\/2022\/01\/developpement-3.png\" alt=\"\" class=\"wp-image-608\" srcset=\"https:\/\/www.steep-plastique.com\/wp-content\/uploads\/2022\/01\/developpement-3.png 361w, https:\/\/www.steep-plastique.com\/wp-content\/uploads\/2022\/01\/developpement-3-300x212.png 300w\" sizes=\"auto, (max-width: 361px) 100vw, 361px\" \/><\/a><\/figure>\n<\/div>\n<\/div>\n<\/div>\n<\/div>\n<\/div><\/div>\n<\/div><\/div>\n","protected":false},"excerpt":{"rendered":"<p>Ein multidisziplin\u00e4res Team Unsere Techniker, Ingenieure, Statiker, Zeichner und Verkaufsmitarbeiter [&hellip;]<\/p>\n","protected":false},"author":1,"featured_media":585,"parent":0,"menu_order":3,"comment_status":"closed","ping_status":"closed","template":"","meta":{"_acf_changed":false,"footnotes":""},"class_list":["post-796","page","type-page","status-publish","has-post-thumbnail","hentry"],"acf":[],"_links":{"self":[{"href":"https:\/\/www.steep-plastique.com\/de\/wp-json\/wp\/v2\/pages\/796","targetHints":{"allow":["GET"]}}],"collection":[{"href":"https:\/\/www.steep-plastique.com\/de\/wp-json\/wp\/v2\/pages"}],"about":[{"href":"https:\/\/www.steep-plastique.com\/de\/wp-json\/wp\/v2\/types\/page"}],"author":[{"embeddable":true,"href":"https:\/\/www.steep-plastique.com\/de\/wp-json\/wp\/v2\/users\/1"}],"replies":[{"embeddable":true,"href":"https:\/\/www.steep-plastique.com\/de\/wp-json\/wp\/v2\/comments?post=796"}],"version-history":[{"count":5,"href":"https:\/\/www.steep-plastique.com\/de\/wp-json\/wp\/v2\/pages\/796\/revisions"}],"predecessor-version":[{"id":809,"href":"https:\/\/www.steep-plastique.com\/de\/wp-json\/wp\/v2\/pages\/796\/revisions\/809"}],"wp:featuredmedia":[{"embeddable":true,"href":"https:\/\/www.steep-plastique.com\/de\/wp-json\/wp\/v2\/media\/585"}],"wp:attachment":[{"href":"https:\/\/www.steep-plastique.com\/de\/wp-json\/wp\/v2\/media?parent=796"}],"curies":[{"name":"wp","href":"https:\/\/api.w.org\/{rel}","templated":true}]}}