{"id":784,"date":"2022-01-06T14:33:33","date_gmt":"2022-01-06T13:33:33","guid":{"rendered":"https:\/\/www.steep-plastique.com\/accueil\/"},"modified":"2022-05-04T09:15:51","modified_gmt":"2022-05-04T07:15:51","slug":"startseite","status":"publish","type":"page","link":"https:\/\/www.steep-plastique.com\/de\/","title":{"rendered":"Startseite"},"content":{"rendered":"\n<div class=\"wp-block-group wrap_titre_home\"><div class=\"wp-block-group__inner-container is-layout-flow wp-block-group-is-layout-flow\">\n<h1 class=\"wp-block-heading\" id=\"equipementier-automobile-de-rang-1-expert-en-injection-plastique-notre-savoir-faire-s-etend-de-la-conception-jusqu-a-l-industrialisation-en-serie\"><em>Tier 1 Automobilzulieferer<\/em> Als Experte f\u00fcr Kunststoffspritzguss reicht unser Know-how vom Entwurf bis zur industriellen Serienfertigung.<\/h1>\n<\/div><\/div>\n\n\n\n<div class=\"wp-block-columns section1_home is-layout-flex wp-container-core-columns-is-layout-9d6595d7 wp-block-columns-is-layout-flex\">\n<div class=\"wp-block-column is-layout-flow wp-block-column-is-layout-flow\" style=\"flex-basis:33.33%\">\n<figure class=\"wp-block-image size-full\"><img loading=\"lazy\" decoding=\"async\" width=\"1024\" height=\"1024\" src=\"https:\/\/www.steep-plastique.com\/wp-content\/uploads\/2022\/02\/equipe-pluridisciplinaire-injection-plastique-automobile.jpg\" alt=\"Equipe pluridisciplinaire injection plastique automobile\" class=\"wp-image-706\" srcset=\"https:\/\/www.steep-plastique.com\/wp-content\/uploads\/2022\/02\/equipe-pluridisciplinaire-injection-plastique-automobile.jpg 1024w, https:\/\/www.steep-plastique.com\/wp-content\/uploads\/2022\/02\/equipe-pluridisciplinaire-injection-plastique-automobile-300x300.jpg 300w, https:\/\/www.steep-plastique.com\/wp-content\/uploads\/2022\/02\/equipe-pluridisciplinaire-injection-plastique-automobile-150x150.jpg 150w, https:\/\/www.steep-plastique.com\/wp-content\/uploads\/2022\/02\/equipe-pluridisciplinaire-injection-plastique-automobile-768x768.jpg 768w\" sizes=\"auto, (max-width: 1024px) 100vw, 1024px\" \/><\/figure>\n<\/div>\n\n\n\n<div class=\"wp-block-column is-layout-flow wp-block-column-is-layout-flow\" style=\"flex-basis:66.66%\">\n<h2 class=\"wp-block-heading\" id=\"une-equipe-pluridisciplinaire\">Ein multidisziplin\u00e4res Team<\/h2>\n\n\n\n<div class=\"wp-block-columns is-layout-flex wp-container-core-columns-is-layout-9d6595d7 wp-block-columns-is-layout-flex\">\n<div class=\"wp-block-column is-layout-flow wp-block-column-is-layout-flow\">\n<p>Unsere Techniker, Ingenieure, Statiker, Bauzeichner und Gesch\u00e4ftsabteilung arbeiten in unserem Testzentrum als Team zusammen, um mit ihrem kombinierten und bew\u00e4hrten Fachwissen innovative technische L\u00f6sungen zu finden.<\/p>\n\n\n\n<p>Wir validieren mechanisch alle Funktionen, die wir entwickeln.<\/p>\n\n\n\n<div class=\"wp-block-buttons is-layout-flex wp-block-buttons-is-layout-flex\">\n<div class=\"wp-block-button button-base\"><a class=\"wp-block-button__link\" href=\"\/de\/unsere-gruppe\/\">Unsere Firma<\/a><\/div>\n<\/div>\n<\/div>\n\n\n\n<div class=\"wp-block-column is-layout-flow wp-block-column-is-layout-flow\">\n<figure class=\"wp-block-image size-full img_second_slide\"><img loading=\"lazy\" decoding=\"async\" width=\"1024\" height=\"1024\" src=\"https:\/\/www.steep-plastique.com\/wp-content\/uploads\/2022\/02\/injection-pieces-plastiques-automobile.jpg\" alt=\"Injection pi\u00e8ces plastiques automobile\" class=\"wp-image-705\" srcset=\"https:\/\/www.steep-plastique.com\/wp-content\/uploads\/2022\/02\/injection-pieces-plastiques-automobile.jpg 1024w, https:\/\/www.steep-plastique.com\/wp-content\/uploads\/2022\/02\/injection-pieces-plastiques-automobile-300x300.jpg 300w, https:\/\/www.steep-plastique.com\/wp-content\/uploads\/2022\/02\/injection-pieces-plastiques-automobile-150x150.jpg 150w, https:\/\/www.steep-plastique.com\/wp-content\/uploads\/2022\/02\/injection-pieces-plastiques-automobile-768x768.jpg 768w\" sizes=\"auto, (max-width: 1024px) 100vw, 1024px\" \/><\/figure>\n<\/div>\n<\/div>\n<\/div>\n<\/div>\n\n\n\n<div class=\"wp-block-columns wrap_points_forts is-layout-flex wp-container-core-columns-is-layout-9d6595d7 wp-block-columns-is-layout-flex\">\n<div class=\"wp-block-column liste_points_forts is-layout-flow wp-block-column-is-layout-flow\" style=\"flex-basis:100%\">\n<div class=\"wp-block-columns is-layout-flex wp-container-core-columns-is-layout-9d6595d7 wp-block-columns-is-layout-flex\">\n<div class=\"wp-block-column is-layout-flow wp-block-column-is-layout-flow\">\n<figure class=\"wp-block-image size-full\"><a href=\"https:\/\/www.steep-plastique.com\/le-groupe\/\"><img loading=\"lazy\" decoding=\"async\" width=\"94\" height=\"97\" src=\"https:\/\/www.steep-plastique.com\/wp-content\/uploads\/2022\/01\/icone_home_12.jpg\" alt=\"\" class=\"wp-image-586\"\/><\/a><\/figure>\n\n\n\n<p><a href=\"\/de\/unsere-gruppe\/\">Vorschlagskraft<br>und Beratung<\/a><\/p>\n<\/div>\n\n\n\n<div class=\"wp-block-column is-layout-flow wp-block-column-is-layout-flow\">\n<figure class=\"wp-block-image size-full\"><a href=\"https:\/\/www.steep-plastique.com\/le-groupe\"><img loading=\"lazy\" decoding=\"async\" width=\"96\" height=\"97\" src=\"https:\/\/www.steep-plastique.com\/wp-content\/uploads\/2022\/01\/icone_home_14.jpg\" alt=\"\" class=\"wp-image-587\"\/><\/a><\/figure>\n\n\n\n<p><a href=\"\/de\/unsere-gruppe\/\">Ein Familienunternehmen<\/a><br><a href=\"https:\/\/www.steep-plastique.com\/le-groupe\/#notre-histoire\">in Menschengr\u00f6\u00dfe<\/a><\/p>\n<\/div>\n\n\n\n<div class=\"wp-block-column is-layout-flow wp-block-column-is-layout-flow\">\n<figure class=\"wp-block-image size-full\"><a href=\"https:\/\/www.steep-plastique.com\/recherche-developpement\/\"><img loading=\"lazy\" decoding=\"async\" width=\"96\" height=\"97\" src=\"https:\/\/www.steep-plastique.com\/wp-content\/uploads\/2022\/01\/icone_home_16.jpg\" alt=\"\" class=\"wp-image-588\"\/><\/a><\/figure>\n\n\n\n<p><a href=\"\/de\/forschung-entwicklung\/\">N\u00e4he und Reaktionsf\u00e4higkeit<br>unseres Teams<\/a><\/p>\n<\/div>\n<\/div>\n<\/div>\n<\/div>\n\n\n\n<div class=\"wp-block-group wrap_citation\"><div class=\"wp-block-group__inner-container is-layout-flow wp-block-group-is-layout-flow\">\n<blockquote class=\"wp-block-quote citation-home is-layout-flow wp-block-quote-is-layout-flow\"><p>Kundenzufriedenheit ist das Leitmotiv unserer Entwicklung<\/p><\/blockquote>\n<\/div><\/div>\n","protected":false},"excerpt":{"rendered":"<p>Tier 1 Automobilzulieferer Als Experte f\u00fcr Kunststoffspritzguss reicht unser Know-how [&hellip;]<\/p>\n","protected":false},"author":1,"featured_media":585,"parent":0,"menu_order":0,"comment_status":"closed","ping_status":"closed","template":"","meta":{"_acf_changed":false,"footnotes":""},"class_list":["post-784","page","type-page","status-publish","has-post-thumbnail","hentry"],"acf":[],"_links":{"self":[{"href":"https:\/\/www.steep-plastique.com\/de\/wp-json\/wp\/v2\/pages\/784","targetHints":{"allow":["GET"]}}],"collection":[{"href":"https:\/\/www.steep-plastique.com\/de\/wp-json\/wp\/v2\/pages"}],"about":[{"href":"https:\/\/www.steep-plastique.com\/de\/wp-json\/wp\/v2\/types\/page"}],"author":[{"embeddable":true,"href":"https:\/\/www.steep-plastique.com\/de\/wp-json\/wp\/v2\/users\/1"}],"replies":[{"embeddable":true,"href":"https:\/\/www.steep-plastique.com\/de\/wp-json\/wp\/v2\/comments?post=784"}],"version-history":[{"count":4,"href":"https:\/\/www.steep-plastique.com\/de\/wp-json\/wp\/v2\/pages\/784\/revisions"}],"predecessor-version":[{"id":1039,"href":"https:\/\/www.steep-plastique.com\/de\/wp-json\/wp\/v2\/pages\/784\/revisions\/1039"}],"wp:featuredmedia":[{"embeddable":true,"href":"https:\/\/www.steep-plastique.com\/de\/wp-json\/wp\/v2\/media\/585"}],"wp:attachment":[{"href":"https:\/\/www.steep-plastique.com\/de\/wp-json\/wp\/v2\/media?parent=784"}],"curies":[{"name":"wp","href":"https:\/\/api.w.org\/{rel}","templated":true}]}}